{"id":49649,"date":"2025-08-28T10:03:06","date_gmt":"2025-08-28T10:03:06","guid":{"rendered":"https:\/\/newvt.verticaltechnik.ch\/product\/miniramp-1400-12m-left-extension-1-5m\/"},"modified":"2025-08-28T10:03:06","modified_gmt":"2025-08-28T10:03:06","slug":"miniramp-1400-12m-left-extension-1-5m","status":"publish","type":"product","link":"https:\/\/verticaltechnik.ch\/fr\/produit\/miniramp-1400-12m-left-extension-1-5m\/","title":{"rendered":"Miniramp 1400 12m + Left Extension 1.5m"},"content":{"rendered":"<p>Une mini-rampe est une installation de skate avec une partie plate entre deux courbes avec des copings et des plateformes de chaque c\u00f4t\u00e9. Ce module sert \u00e0 faire des allers-retours et \u00e0 r\u00e9aliser entre autres des figures comme des grinds, des airs, des kick-flips ou des tailslides sur le coping. Ce produit est compatible avec K00278 et K00344.  <\/p>\n","protected":false},"excerpt":{"rendered":"<p>Une mini-rampe est une installation de skate avec une partie plate entre deux courbes avec des copings et des plateformes de chaque c\u00f4t\u00e9. Ce module sert \u00e0 faire des allers-retours&#8230;<\/p>\n","protected":false},"featured_media":44078,"template":"","meta":[],"product_brand":[],"product_cat":[12161],"product_tag":[],"class_list":{"0":"post-49649","1":"product","2":"type-product","3":"status-publish","4":"has-post-thumbnail","6":"product_cat-mini-rampe-1400","8":"first","9":"instock","10":"shipping-taxable","11":"purchasable","12":"product-type-simple"},"_links":{"self":[{"href":"https:\/\/verticaltechnik.ch\/fr\/wp-json\/wp\/v2\/product\/49649","targetHints":{"allow":["GET"]}}],"collection":[{"href":"https:\/\/verticaltechnik.ch\/fr\/wp-json\/wp\/v2\/product"}],"about":[{"href":"https:\/\/verticaltechnik.ch\/fr\/wp-json\/wp\/v2\/types\/product"}],"wp:featuredmedia":[{"embeddable":true,"href":"https:\/\/verticaltechnik.ch\/fr\/wp-json\/wp\/v2\/media\/44078"}],"wp:attachment":[{"href":"https:\/\/verticaltechnik.ch\/fr\/wp-json\/wp\/v2\/media?parent=49649"}],"wp:term":[{"taxonomy":"product_brand","embeddable":true,"href":"https:\/\/verticaltechnik.ch\/fr\/wp-json\/wp\/v2\/product_brand?post=49649"},{"taxonomy":"product_cat","embeddable":true,"href":"https:\/\/verticaltechnik.ch\/fr\/wp-json\/wp\/v2\/product_cat?post=49649"},{"taxonomy":"product_tag","embeddable":true,"href":"https:\/\/verticaltechnik.ch\/fr\/wp-json\/wp\/v2\/product_tag?post=49649"}],"curies":[{"name":"wp","href":"https:\/\/api.w.org\/{rel}","templated":true}]}}