{"id":49724,"date":"2025-08-28T10:18:49","date_gmt":"2025-08-28T10:18:49","guid":{"rendered":"https:\/\/newvt.verticaltechnik.ch\/product\/panneau-davertissement-skateboards-volants-2\/"},"modified":"2025-08-28T10:18:49","modified_gmt":"2025-08-28T10:18:49","slug":"panneau-davertissement-skateboards-volants-2","status":"publish","type":"product","link":"https:\/\/verticaltechnik.ch\/fr\/produit\/panneau-davertissement-skateboards-volants-2\/","title":{"rendered":"Panneau d&rsquo;avertissement Skateboards Volants"},"content":{"rendered":"<p>Panneau d&rsquo;avertissement 60 x 60 x 60 cm + 20 cm, symbole, avec le texte \u00ab SKATEBOARDS VOLANTS \u00bb. Langues disponibles : allemand, fran\u00e7ais, italien. Ce panneau d&rsquo;avertissement sert \u00e0 signaler un danger potentiel li\u00e9 aux skateboards volants. Dans la zone d&rsquo;une installation de skate, des skateboards peuvent quitter une installation de skate. Ce risque existe dans les endroits o\u00f9 des personnes se trouvent ou passent (si\u00e8ge, chemin, rue). Ce produit est compatible avec K00677.      <\/p>\n","protected":false},"excerpt":{"rendered":"<p>Panneau d&rsquo;avertissement 60 x 60 x 60 cm + 20 cm, symbole, avec le texte \u00ab SKATEBOARDS VOLANTS \u00bb. Langues disponibles : allemand, fran\u00e7ais, italien. Ce panneau d&rsquo;avertissement sert \u00e0&#8230;<\/p>\n","protected":false},"featured_media":43314,"template":"","meta":[],"product_brand":[],"product_cat":[11957],"product_tag":[],"class_list":{"0":"post-49724","1":"product","2":"type-product","3":"status-publish","4":"has-post-thumbnail","6":"product_cat-signalisation","8":"first","9":"instock","10":"shipping-taxable","11":"purchasable","12":"product-type-simple"},"_links":{"self":[{"href":"https:\/\/verticaltechnik.ch\/fr\/wp-json\/wp\/v2\/product\/49724","targetHints":{"allow":["GET"]}}],"collection":[{"href":"https:\/\/verticaltechnik.ch\/fr\/wp-json\/wp\/v2\/product"}],"about":[{"href":"https:\/\/verticaltechnik.ch\/fr\/wp-json\/wp\/v2\/types\/product"}],"wp:featuredmedia":[{"embeddable":true,"href":"https:\/\/verticaltechnik.ch\/fr\/wp-json\/wp\/v2\/media\/43314"}],"wp:attachment":[{"href":"https:\/\/verticaltechnik.ch\/fr\/wp-json\/wp\/v2\/media?parent=49724"}],"wp:term":[{"taxonomy":"product_brand","embeddable":true,"href":"https:\/\/verticaltechnik.ch\/fr\/wp-json\/wp\/v2\/product_brand?post=49724"},{"taxonomy":"product_cat","embeddable":true,"href":"https:\/\/verticaltechnik.ch\/fr\/wp-json\/wp\/v2\/product_cat?post=49724"},{"taxonomy":"product_tag","embeddable":true,"href":"https:\/\/verticaltechnik.ch\/fr\/wp-json\/wp\/v2\/product_tag?post=49724"}],"curies":[{"name":"wp","href":"https:\/\/api.w.org\/{rel}","templated":true}]}}