{"id":49729,"date":"2025-08-28T10:18:55","date_gmt":"2025-08-28T10:18:55","guid":{"rendered":"https:\/\/newvt.verticaltechnik.ch\/product\/support-pour-panneau-davertissement\/"},"modified":"2025-08-28T10:18:55","modified_gmt":"2025-08-28T10:18:55","slug":"support-pour-panneau-davertissement","status":"publish","type":"product","link":"https:\/\/verticaltechnik.ch\/fr\/produit\/support-pour-panneau-davertissement\/","title":{"rendered":"Support pour panneau d&rsquo;avertissement"},"content":{"rendered":"<p>Ce support en acier galvanis\u00e9 peut \u00eatre install\u00e9 n&rsquo;importe o\u00f9 dans un sol goudronn\u00e9 ou un sol enherb\u00e9. Cela permet de le placer directement dans la zone d&rsquo;entr\u00e9e o\u00f9 il est visible par chaque utilisateur. Ce produit est compatible avec K00675, K00676, K00679.  <\/p>\n","protected":false},"excerpt":{"rendered":"<p>Ce support en acier galvanis\u00e9 peut \u00eatre install\u00e9 n&rsquo;importe o\u00f9 dans un sol goudronn\u00e9 ou un sol enherb\u00e9. Cela permet de le placer directement dans la zone d&rsquo;entr\u00e9e o\u00f9 il&#8230;<\/p>\n","protected":false},"featured_media":43310,"template":"","meta":[],"product_brand":[],"product_cat":[11957],"product_tag":[],"class_list":{"0":"post-49729","1":"product","2":"type-product","3":"status-publish","4":"has-post-thumbnail","6":"product_cat-signalisation","8":"first","9":"instock","10":"shipping-taxable","11":"purchasable","12":"product-type-simple"},"_links":{"self":[{"href":"https:\/\/verticaltechnik.ch\/fr\/wp-json\/wp\/v2\/product\/49729","targetHints":{"allow":["GET"]}}],"collection":[{"href":"https:\/\/verticaltechnik.ch\/fr\/wp-json\/wp\/v2\/product"}],"about":[{"href":"https:\/\/verticaltechnik.ch\/fr\/wp-json\/wp\/v2\/types\/product"}],"wp:featuredmedia":[{"embeddable":true,"href":"https:\/\/verticaltechnik.ch\/fr\/wp-json\/wp\/v2\/media\/43310"}],"wp:attachment":[{"href":"https:\/\/verticaltechnik.ch\/fr\/wp-json\/wp\/v2\/media?parent=49729"}],"wp:term":[{"taxonomy":"product_brand","embeddable":true,"href":"https:\/\/verticaltechnik.ch\/fr\/wp-json\/wp\/v2\/product_brand?post=49729"},{"taxonomy":"product_cat","embeddable":true,"href":"https:\/\/verticaltechnik.ch\/fr\/wp-json\/wp\/v2\/product_cat?post=49729"},{"taxonomy":"product_tag","embeddable":true,"href":"https:\/\/verticaltechnik.ch\/fr\/wp-json\/wp\/v2\/product_tag?post=49729"}],"curies":[{"name":"wp","href":"https:\/\/api.w.org\/{rel}","templated":true}]}}