{"id":49735,"date":"2025-08-28T10:17:56","date_gmt":"2025-08-28T10:17:56","guid":{"rendered":"https:\/\/newvt.verticaltechnik.ch\/product\/panneau-dinformation-50-x-80-cm-parkour\/"},"modified":"2025-08-28T10:17:56","modified_gmt":"2025-08-28T10:17:56","slug":"panneau-dinformation-50-x-80-cm-parkour","status":"publish","type":"product","link":"https:\/\/verticaltechnik.ch\/fr\/produit\/panneau-dinformation-50-x-80-cm-parkour\/","title":{"rendered":"Panneau d&rsquo;information 50 x 80 cm Parkour"},"content":{"rendered":"<p>Panneau d&rsquo;information 50 x 80 cm pour installation de parkour<br \/>\nPour l&rsquo;exploitation d&rsquo;une installation de parkour, nous recommandons un panneau d&rsquo;information conforme \u00e0 la norme EN 16899, indiquant les num\u00e9ros d&rsquo;urgence, les r\u00e8gles de conduite, les heures d&rsquo;ouverture et les contacts. Le panneau d&rsquo;information est adapt\u00e9 graphiquement par nos soins selon les souhaits du client. Un projet est inclus dans le prix. Les travaux suppl\u00e9mentaires d\u00e9passant le premier projet seront factur\u00e9s au tarif horaire de 125 CHF en fonction du temps pass\u00e9. Le panneau contient les informations suivantes :<br \/>\n- R\u00e8gles d&rsquo;utilisation<br \/>\n- Avertissements de danger<br \/>\n- Heures d&rsquo;ouverture<br \/>\n- Num\u00e9ros d&rsquo;urgence<br \/>\n- Adresse de l&rsquo;exploitant<br \/>\n- Logo de la commune<br \/>\n- Logo des sponsors<br \/>\n- Adresse du fabricant avec logo<br \/>\nLe panneau d&rsquo;information est g\u00e9n\u00e9ralement install\u00e9 bien en \u00e9vidence \u00e0 l&rsquo;entr\u00e9e d&rsquo;une installation de parkour. En option, le panneau d&rsquo;information peut \u00eatre fix\u00e9 sur un support en acier galvanis\u00e9, qui est viss\u00e9 au sol ou b\u00e9tonn\u00e9 dans le sol. Ce produit est compatible avec K00700.      <\/p>\n","protected":false},"excerpt":{"rendered":"<p>Panneau d&rsquo;information 50 x 80 cm pour installation de parkour Pour l&rsquo;exploitation d&rsquo;une installation de parkour, nous recommandons un panneau d&rsquo;information conforme \u00e0 la norme EN 16899, indiquant les num\u00e9ros&#8230;<\/p>\n","protected":false},"featured_media":57756,"template":"","meta":[],"product_brand":[],"product_cat":[11957],"product_tag":[],"class_list":{"0":"post-49735","1":"product","2":"type-product","3":"status-publish","4":"has-post-thumbnail","6":"product_cat-signalisation","8":"first","9":"instock","10":"shipping-taxable","11":"purchasable","12":"product-type-simple"},"_links":{"self":[{"href":"https:\/\/verticaltechnik.ch\/fr\/wp-json\/wp\/v2\/product\/49735","targetHints":{"allow":["GET"]}}],"collection":[{"href":"https:\/\/verticaltechnik.ch\/fr\/wp-json\/wp\/v2\/product"}],"about":[{"href":"https:\/\/verticaltechnik.ch\/fr\/wp-json\/wp\/v2\/types\/product"}],"wp:featuredmedia":[{"embeddable":true,"href":"https:\/\/verticaltechnik.ch\/fr\/wp-json\/wp\/v2\/media\/57756"}],"wp:attachment":[{"href":"https:\/\/verticaltechnik.ch\/fr\/wp-json\/wp\/v2\/media?parent=49735"}],"wp:term":[{"taxonomy":"product_brand","embeddable":true,"href":"https:\/\/verticaltechnik.ch\/fr\/wp-json\/wp\/v2\/product_brand?post=49735"},{"taxonomy":"product_cat","embeddable":true,"href":"https:\/\/verticaltechnik.ch\/fr\/wp-json\/wp\/v2\/product_cat?post=49735"},{"taxonomy":"product_tag","embeddable":true,"href":"https:\/\/verticaltechnik.ch\/fr\/wp-json\/wp\/v2\/product_tag?post=49735"}],"curies":[{"name":"wp","href":"https:\/\/api.w.org\/{rel}","templated":true}]}}