{"id":49747,"date":"2025-08-28T10:16:58","date_gmt":"2025-08-28T10:16:58","guid":{"rendered":"https:\/\/newvt.verticaltechnik.ch\/product\/miniramp-diy-1000\/"},"modified":"2025-08-28T10:16:58","modified_gmt":"2025-08-28T10:16:58","slug":"miniramp-diy-1000","status":"publish","type":"product","link":"https:\/\/verticaltechnik.ch\/fr\/product\/miniramp-diy-1000\/","title":{"rendered":"Miniramp DIY 1000"},"content":{"rendered":"<p>Cette rampe est con\u00e7ue pour \u00eatre construite par des adolescents sous la supervision d&rsquo;un adulte. Le montage ne n\u00e9cessite que quelques outils et machines. Elle peut \u00eatre mont\u00e9e sur n&rsquo;importe quelle surface plane, mais nous recommandons de cr\u00e9er des fondations ou au moins de poser des dalles de jardin.<br \/>\nLa mini-rampe est un produit id\u00e9al pour impliquer les jeunes dans un projet auquel ils peuvent s&rsquo;identifier et dont ils seront ensuite eux-m\u00eames les utilisateurs. Elle peut \u00eatre construite dans le cadre d&rsquo;une semaine de projet \u00e0 l&rsquo;\u00e9cole, dans un groupe de jeunes au sein d&rsquo;une association ou \u00e0 des fins priv\u00e9es. <\/p>\n","protected":false},"excerpt":{"rendered":"<p>Cette rampe est con\u00e7ue pour \u00eatre construite par des adolescents sous la supervision d&rsquo;un adulte. Le montage ne n\u00e9cessite que quelques outils et machines. Elle peut \u00eatre mont\u00e9e sur n&rsquo;importe&#8230;<\/p>\n","protected":false},"featured_media":43370,"template":"","meta":[],"product_brand":[],"product_cat":[12169],"product_tag":[],"class_list":{"0":"post-49747","1":"product","2":"type-product","3":"status-publish","4":"has-post-thumbnail","6":"product_cat-rampes-a-faire-soi-meme","8":"first","9":"instock","10":"shipping-taxable","11":"purchasable","12":"product-type-simple"},"_links":{"self":[{"href":"https:\/\/verticaltechnik.ch\/fr\/wp-json\/wp\/v2\/product\/49747","targetHints":{"allow":["GET"]}}],"collection":[{"href":"https:\/\/verticaltechnik.ch\/fr\/wp-json\/wp\/v2\/product"}],"about":[{"href":"https:\/\/verticaltechnik.ch\/fr\/wp-json\/wp\/v2\/types\/product"}],"wp:featuredmedia":[{"embeddable":true,"href":"https:\/\/verticaltechnik.ch\/fr\/wp-json\/wp\/v2\/media\/43370"}],"wp:attachment":[{"href":"https:\/\/verticaltechnik.ch\/fr\/wp-json\/wp\/v2\/media?parent=49747"}],"wp:term":[{"taxonomy":"product_brand","embeddable":true,"href":"https:\/\/verticaltechnik.ch\/fr\/wp-json\/wp\/v2\/product_brand?post=49747"},{"taxonomy":"product_cat","embeddable":true,"href":"https:\/\/verticaltechnik.ch\/fr\/wp-json\/wp\/v2\/product_cat?post=49747"},{"taxonomy":"product_tag","embeddable":true,"href":"https:\/\/verticaltechnik.ch\/fr\/wp-json\/wp\/v2\/product_tag?post=49747"}],"curies":[{"name":"wp","href":"https:\/\/api.w.org\/{rel}","templated":true}]}}