{"id":49771,"date":"2025-08-28T10:16:48","date_gmt":"2025-08-28T10:16:48","guid":{"rendered":"https:\/\/newvt.verticaltechnik.ch\/product\/enclosure-for-left-extension-500-1-5m\/"},"modified":"2025-08-28T10:16:48","modified_gmt":"2025-08-28T10:16:48","slug":"enclosure-for-left-extension-500-1-5m","status":"publish","type":"product","link":"https:\/\/verticaltechnik.ch\/fr\/produit\/enclosure-for-left-extension-500-1-5m\/","title":{"rendered":"Enclosure for Left Extension 500 1.5m"},"content":{"rendered":"<p>Les coffrages emp\u00eachent l&rsquo;accumulation de d\u00e9chets sous les skateparks. Les fentes d&rsquo;a\u00e9ration servent \u00e0 la circulation de l&rsquo;air. Ce produit est compatible avec K00343.  <\/p>\n","protected":false},"excerpt":{"rendered":"<p>Les coffrages emp\u00eachent l&rsquo;accumulation de d\u00e9chets sous les skateparks. Les fentes d&rsquo;a\u00e9ration servent \u00e0 la circulation de l&rsquo;air. Ce produit est compatible avec K00343.<\/p>\n","protected":false},"featured_media":43406,"template":"","meta":[],"product_brand":[],"product_cat":[12175],"product_tag":[],"class_list":{"0":"post-49771","1":"product","2":"type-product","3":"status-publish","4":"has-post-thumbnail","6":"product_cat-rampes","8":"first","9":"instock","10":"shipping-taxable","11":"purchasable","12":"product-type-simple"},"_links":{"self":[{"href":"https:\/\/verticaltechnik.ch\/fr\/wp-json\/wp\/v2\/product\/49771","targetHints":{"allow":["GET"]}}],"collection":[{"href":"https:\/\/verticaltechnik.ch\/fr\/wp-json\/wp\/v2\/product"}],"about":[{"href":"https:\/\/verticaltechnik.ch\/fr\/wp-json\/wp\/v2\/types\/product"}],"wp:featuredmedia":[{"embeddable":true,"href":"https:\/\/verticaltechnik.ch\/fr\/wp-json\/wp\/v2\/media\/43406"}],"wp:attachment":[{"href":"https:\/\/verticaltechnik.ch\/fr\/wp-json\/wp\/v2\/media?parent=49771"}],"wp:term":[{"taxonomy":"product_brand","embeddable":true,"href":"https:\/\/verticaltechnik.ch\/fr\/wp-json\/wp\/v2\/product_brand?post=49771"},{"taxonomy":"product_cat","embeddable":true,"href":"https:\/\/verticaltechnik.ch\/fr\/wp-json\/wp\/v2\/product_cat?post=49771"},{"taxonomy":"product_tag","embeddable":true,"href":"https:\/\/verticaltechnik.ch\/fr\/wp-json\/wp\/v2\/product_tag?post=49771"}],"curies":[{"name":"wp","href":"https:\/\/api.w.org\/{rel}","templated":true}]}}