{"id":49781,"date":"2025-08-28T10:16:40","date_gmt":"2025-08-28T10:16:40","guid":{"rendered":"https:\/\/newvt.verticaltechnik.ch\/product\/habillage-pour-halfpipe-kingsize-4-4500-15m\/"},"modified":"2025-08-28T10:16:40","modified_gmt":"2025-08-28T10:16:40","slug":"habillage-pour-halfpipe-kingsize-4-4500-15m","status":"publish","type":"product","link":"https:\/\/verticaltechnik.ch\/fr\/product\/habillage-pour-halfpipe-kingsize-4-4500-15m\/","title":{"rendered":"Habillage pour Halfpipe \u00ab Kingsize 4 \u00bb 4500 15m"},"content":{"rendered":"<p>Les habillages emp\u00eachent l\u2019accumulation de d\u00e9chets sous les skateparks. Les habillages sont \u00e9quip\u00e9s de quatre trappes de service. Une porte de service verrouillable peut \u00e9galement \u00eatre install\u00e9e en option. Des fentes d\u2019a\u00e9ration servent \u00e0 la circulation de l\u2019air. Ce produit est compatible avec K00339.    <\/p>\n","protected":false},"excerpt":{"rendered":"<p>Les habillages emp\u00eachent l\u2019accumulation de d\u00e9chets sous les skateparks. Les habillages sont \u00e9quip\u00e9s de quatre trappes de service. Une porte de service verrouillable peut \u00e9galement \u00eatre install\u00e9e en option. Des&#8230;<\/p>\n","protected":false},"featured_media":43414,"template":"","meta":[],"product_brand":[],"product_cat":[12175],"product_tag":[],"class_list":{"0":"post-49781","1":"product","2":"type-product","3":"status-publish","4":"has-post-thumbnail","6":"product_cat-rampes","8":"first","9":"instock","10":"shipping-taxable","11":"purchasable","12":"product-type-simple"},"_links":{"self":[{"href":"https:\/\/verticaltechnik.ch\/fr\/wp-json\/wp\/v2\/product\/49781","targetHints":{"allow":["GET"]}}],"collection":[{"href":"https:\/\/verticaltechnik.ch\/fr\/wp-json\/wp\/v2\/product"}],"about":[{"href":"https:\/\/verticaltechnik.ch\/fr\/wp-json\/wp\/v2\/types\/product"}],"wp:featuredmedia":[{"embeddable":true,"href":"https:\/\/verticaltechnik.ch\/fr\/wp-json\/wp\/v2\/media\/43414"}],"wp:attachment":[{"href":"https:\/\/verticaltechnik.ch\/fr\/wp-json\/wp\/v2\/media?parent=49781"}],"wp:term":[{"taxonomy":"product_brand","embeddable":true,"href":"https:\/\/verticaltechnik.ch\/fr\/wp-json\/wp\/v2\/product_brand?post=49781"},{"taxonomy":"product_cat","embeddable":true,"href":"https:\/\/verticaltechnik.ch\/fr\/wp-json\/wp\/v2\/product_cat?post=49781"},{"taxonomy":"product_tag","embeddable":true,"href":"https:\/\/verticaltechnik.ch\/fr\/wp-json\/wp\/v2\/product_tag?post=49781"}],"curies":[{"name":"wp","href":"https:\/\/api.w.org\/{rel}","templated":true}]}}