{"id":49827,"date":"2025-08-28T10:18:59","date_gmt":"2025-08-28T10:18:59","guid":{"rendered":"https:\/\/newvt.verticaltechnik.ch\/product\/protecteur-dacier-meulable-l-courbe\/"},"modified":"2025-08-28T10:18:59","modified_gmt":"2025-08-28T10:18:59","slug":"protecteur-dacier-meulable-l-courbe","status":"publish","type":"product","link":"https:\/\/verticaltechnik.ch\/fr\/produit\/protecteur-dacier-meulable-l-courbe\/","title":{"rendered":"Protecteur d&rsquo;acier meulable L courb\u00e9"},"content":{"rendered":"<p>Afin de r\u00e9duire le risque de blessure sur les installations de skate, nous avons d\u00e9velopp\u00e9 des profil\u00e9s de protection des ar\u00eates en acier. Ils r\u00e9duisent le risque de blessures dans la zone des ar\u00eates et sont recommand\u00e9s par les normes de s\u00e9curit\u00e9 pertinentes.  <\/p>\n<p>Profil\u00e9 caract\u00e9ristique L en acier&nbsp;:<br \/>\n\u2022 Protection des sportifs dans la zone des bords<br \/>\n\u2022 Montage ult\u00e9rieur suppl\u00e9mentaire possible sur toutes les installations (m\u00eame marques tierces)<br \/>\n\u2022 Fixation lat\u00e9rale dans un cadre en acier ou dans le bois<br \/>\n\u2022 Droit, courb\u00e9 ou coud\u00e9<br \/>\n\u2022 Meulable<br \/>\n\u2022 Mat\u00e9riau&nbsp;: acier galvanis\u00e9<br \/>\n\u2022 R\u00e9sistant aux chocs et aux intemp\u00e9ries<br \/>\n\u2022 Fabriqu\u00e9 selon la norme DIN-33943 <\/p>\n","protected":false},"excerpt":{"rendered":"<p>Afin de r\u00e9duire le risque de blessure sur les installations de skate, nous avons d\u00e9velopp\u00e9 des profil\u00e9s de protection des ar\u00eates en acier. Ils r\u00e9duisent le risque de blessures dans&#8230;<\/p>\n","protected":false},"featured_media":43294,"template":"","meta":[],"product_brand":[],"product_cat":[11953],"product_tag":[],"class_list":{"0":"post-49827","1":"product","2":"type-product","3":"status-publish","4":"has-post-thumbnail","6":"product_cat-protection-des-aretes","8":"first","9":"instock","10":"shipping-taxable","11":"purchasable","12":"product-type-simple"},"_links":{"self":[{"href":"https:\/\/verticaltechnik.ch\/fr\/wp-json\/wp\/v2\/product\/49827","targetHints":{"allow":["GET"]}}],"collection":[{"href":"https:\/\/verticaltechnik.ch\/fr\/wp-json\/wp\/v2\/product"}],"about":[{"href":"https:\/\/verticaltechnik.ch\/fr\/wp-json\/wp\/v2\/types\/product"}],"wp:featuredmedia":[{"embeddable":true,"href":"https:\/\/verticaltechnik.ch\/fr\/wp-json\/wp\/v2\/media\/43294"}],"wp:attachment":[{"href":"https:\/\/verticaltechnik.ch\/fr\/wp-json\/wp\/v2\/media?parent=49827"}],"wp:term":[{"taxonomy":"product_brand","embeddable":true,"href":"https:\/\/verticaltechnik.ch\/fr\/wp-json\/wp\/v2\/product_brand?post=49827"},{"taxonomy":"product_cat","embeddable":true,"href":"https:\/\/verticaltechnik.ch\/fr\/wp-json\/wp\/v2\/product_cat?post=49827"},{"taxonomy":"product_tag","embeddable":true,"href":"https:\/\/verticaltechnik.ch\/fr\/wp-json\/wp\/v2\/product_tag?post=49827"}],"curies":[{"name":"wp","href":"https:\/\/api.w.org\/{rel}","templated":true}]}}