{"id":49841,"date":"2025-08-28T10:14:55","date_gmt":"2025-08-28T10:14:55","guid":{"rendered":"https:\/\/newvt.verticaltechnik.ch\/product\/habillage-pour-minirampe-1900-6m\/"},"modified":"2025-08-28T10:14:55","modified_gmt":"2025-08-28T10:14:55","slug":"habillage-pour-minirampe-1900-6m","status":"publish","type":"product","link":"https:\/\/verticaltechnik.ch\/fr\/produit\/habillage-pour-minirampe-1900-6m\/","title":{"rendered":"Habillage pour minirampe 1900 6m"},"content":{"rendered":"<p>Les bardages emp\u00eachent l&rsquo;accumulation de d\u00e9chets sous les skateparks. Les bardages sont \u00e9quip\u00e9s de deux trappes de service. Une porte de service verrouillable peut \u00e9galement \u00eatre install\u00e9e en option. Des fentes d&rsquo;a\u00e9ration assurent la circulation de l&rsquo;air. Ce produit est compatible avec K00313.    <\/p>\n","protected":false},"excerpt":{"rendered":"<p>Les bardages emp\u00eachent l&rsquo;accumulation de d\u00e9chets sous les skateparks. Les bardages sont \u00e9quip\u00e9s de deux trappes de service. Une porte de service verrouillable peut \u00e9galement \u00eatre install\u00e9e en option. Des&#8230;<\/p>\n","protected":false},"featured_media":43466,"template":"","meta":[],"product_brand":[],"product_cat":[12175],"product_tag":[],"class_list":{"0":"post-49841","1":"product","2":"type-product","3":"status-publish","4":"has-post-thumbnail","6":"product_cat-rampes","8":"first","9":"instock","10":"shipping-taxable","11":"purchasable","12":"product-type-simple"},"_links":{"self":[{"href":"https:\/\/verticaltechnik.ch\/fr\/wp-json\/wp\/v2\/product\/49841","targetHints":{"allow":["GET"]}}],"collection":[{"href":"https:\/\/verticaltechnik.ch\/fr\/wp-json\/wp\/v2\/product"}],"about":[{"href":"https:\/\/verticaltechnik.ch\/fr\/wp-json\/wp\/v2\/types\/product"}],"wp:featuredmedia":[{"embeddable":true,"href":"https:\/\/verticaltechnik.ch\/fr\/wp-json\/wp\/v2\/media\/43466"}],"wp:attachment":[{"href":"https:\/\/verticaltechnik.ch\/fr\/wp-json\/wp\/v2\/media?parent=49841"}],"wp:term":[{"taxonomy":"product_brand","embeddable":true,"href":"https:\/\/verticaltechnik.ch\/fr\/wp-json\/wp\/v2\/product_brand?post=49841"},{"taxonomy":"product_cat","embeddable":true,"href":"https:\/\/verticaltechnik.ch\/fr\/wp-json\/wp\/v2\/product_cat?post=49841"},{"taxonomy":"product_tag","embeddable":true,"href":"https:\/\/verticaltechnik.ch\/fr\/wp-json\/wp\/v2\/product_tag?post=49841"}],"curies":[{"name":"wp","href":"https:\/\/api.w.org\/{rel}","templated":true}]}}