{"id":49863,"date":"2025-08-28T10:14:47","date_gmt":"2025-08-28T10:14:47","guid":{"rendered":"https:\/\/newvt.verticaltechnik.ch\/product\/habillage-pour-miniramp-1400-6m-bowl-180-bank-3m\/"},"modified":"2025-08-28T10:14:47","modified_gmt":"2025-08-28T10:14:47","slug":"habillage-pour-miniramp-1400-6m-bowl-180-bank-3m","status":"publish","type":"product","link":"https:\/\/verticaltechnik.ch\/fr\/product\/habillage-pour-miniramp-1400-6m-bowl-180-bank-3m\/","title":{"rendered":"Habillage pour Miniramp 1400 6m Bowl 180\u00b0 + Bank 3m"},"content":{"rendered":"<p>Les habillages emp\u00eachent le d\u00e9p\u00f4t de d\u00e9chets sous les installations de skate. Les habillages sont \u00e9quip\u00e9s de deux trappes de service. Une porte de service verrouillable peut \u00e9galement \u00eatre install\u00e9e en option. Des fentes d&rsquo;a\u00e9ration servent \u00e0 la circulation de l&rsquo;air. Ce produit est compatible avec K00299.    <\/p>\n","protected":false},"excerpt":{"rendered":"<p>Les habillages emp\u00eachent le d\u00e9p\u00f4t de d\u00e9chets sous les installations de skate. Les habillages sont \u00e9quip\u00e9s de deux trappes de service. Une porte de service verrouillable peut \u00e9galement \u00eatre install\u00e9e&#8230;<\/p>\n","protected":false},"featured_media":43494,"template":"","meta":[],"product_brand":[],"product_cat":[12175],"product_tag":[],"class_list":{"0":"post-49863","1":"product","2":"type-product","3":"status-publish","4":"has-post-thumbnail","6":"product_cat-rampes","8":"first","9":"instock","10":"shipping-taxable","11":"purchasable","12":"product-type-simple"},"_links":{"self":[{"href":"https:\/\/verticaltechnik.ch\/fr\/wp-json\/wp\/v2\/product\/49863","targetHints":{"allow":["GET"]}}],"collection":[{"href":"https:\/\/verticaltechnik.ch\/fr\/wp-json\/wp\/v2\/product"}],"about":[{"href":"https:\/\/verticaltechnik.ch\/fr\/wp-json\/wp\/v2\/types\/product"}],"wp:featuredmedia":[{"embeddable":true,"href":"https:\/\/verticaltechnik.ch\/fr\/wp-json\/wp\/v2\/media\/43494"}],"wp:attachment":[{"href":"https:\/\/verticaltechnik.ch\/fr\/wp-json\/wp\/v2\/media?parent=49863"}],"wp:term":[{"taxonomy":"product_brand","embeddable":true,"href":"https:\/\/verticaltechnik.ch\/fr\/wp-json\/wp\/v2\/product_brand?post=49863"},{"taxonomy":"product_cat","embeddable":true,"href":"https:\/\/verticaltechnik.ch\/fr\/wp-json\/wp\/v2\/product_cat?post=49863"},{"taxonomy":"product_tag","embeddable":true,"href":"https:\/\/verticaltechnik.ch\/fr\/wp-json\/wp\/v2\/product_tag?post=49863"}],"curies":[{"name":"wp","href":"https:\/\/api.w.org\/{rel}","templated":true}]}}