{"id":49871,"date":"2025-08-28T10:14:44","date_gmt":"2025-08-28T10:14:44","guid":{"rendered":"https:\/\/newvt.verticaltechnik.ch\/product\/enclosure-for-miniramp-spine-1400-7-5m\/"},"modified":"2025-08-28T10:14:44","modified_gmt":"2025-08-28T10:14:44","slug":"enclosure-for-miniramp-spine-1400-7-5m","status":"publish","type":"product","link":"https:\/\/verticaltechnik.ch\/fr\/product\/enclosure-for-miniramp-spine-1400-7-5m\/","title":{"rendered":"Enclosure for Miniramp Spine 1400 7.5m"},"content":{"rendered":"<p>Les bardages emp\u00eachent l\u2019accumulation de d\u00e9chets sous les skateparks. Les bardages sont \u00e9quip\u00e9s d\u2019une trappe de service. Une porte de service verrouillable peut \u00e9galement \u00eatre install\u00e9e en option. Des fentes d\u2019a\u00e9ration assurent la circulation de l\u2019air. Ce produit est compatible avec K00293.    <\/p>\n","protected":false},"excerpt":{"rendered":"<p>Les bardages emp\u00eachent l\u2019accumulation de d\u00e9chets sous les skateparks. Les bardages sont \u00e9quip\u00e9s d\u2019une trappe de service. Une porte de service verrouillable peut \u00e9galement \u00eatre install\u00e9e en option. Des fentes&#8230;<\/p>\n","protected":false},"featured_media":43506,"template":"","meta":[],"product_brand":[],"product_cat":[12175],"product_tag":[],"class_list":{"0":"post-49871","1":"product","2":"type-product","3":"status-publish","4":"has-post-thumbnail","6":"product_cat-rampes","8":"first","9":"instock","10":"shipping-taxable","11":"purchasable","12":"product-type-simple"},"_links":{"self":[{"href":"https:\/\/verticaltechnik.ch\/fr\/wp-json\/wp\/v2\/product\/49871","targetHints":{"allow":["GET"]}}],"collection":[{"href":"https:\/\/verticaltechnik.ch\/fr\/wp-json\/wp\/v2\/product"}],"about":[{"href":"https:\/\/verticaltechnik.ch\/fr\/wp-json\/wp\/v2\/types\/product"}],"wp:featuredmedia":[{"embeddable":true,"href":"https:\/\/verticaltechnik.ch\/fr\/wp-json\/wp\/v2\/media\/43506"}],"wp:attachment":[{"href":"https:\/\/verticaltechnik.ch\/fr\/wp-json\/wp\/v2\/media?parent=49871"}],"wp:term":[{"taxonomy":"product_brand","embeddable":true,"href":"https:\/\/verticaltechnik.ch\/fr\/wp-json\/wp\/v2\/product_brand?post=49871"},{"taxonomy":"product_cat","embeddable":true,"href":"https:\/\/verticaltechnik.ch\/fr\/wp-json\/wp\/v2\/product_cat?post=49871"},{"taxonomy":"product_tag","embeddable":true,"href":"https:\/\/verticaltechnik.ch\/fr\/wp-json\/wp\/v2\/product_tag?post=49871"}],"curies":[{"name":"wp","href":"https:\/\/api.w.org\/{rel}","templated":true}]}}