{"id":49888,"date":"2025-08-28T10:13:52","date_gmt":"2025-08-28T10:13:52","guid":{"rendered":"https:\/\/newvt.verticaltechnik.ch\/product\/enceinte-pour-miniramp-1400-7-5m-bank-30-1400-4-5m-quarterpipe-1400-3m\/"},"modified":"2025-08-28T10:13:52","modified_gmt":"2025-08-28T10:13:52","slug":"enceinte-pour-miniramp-1400-7-5m-bank-30-1400-4-5m-quarterpipe-1400-3m","status":"publish","type":"product","link":"https:\/\/verticaltechnik.ch\/fr\/produit\/enceinte-pour-miniramp-1400-7-5m-bank-30-1400-4-5m-quarterpipe-1400-3m\/","title":{"rendered":"Enceinte pour Miniramp 1400 7.5m + Bank 30\u00b0 1400 4.5m + Quarterpipe 1400 3m"},"content":{"rendered":"<p>Les coffrages emp\u00eachent l\u2019accumulation de d\u00e9chets sous les installations de skate. Les coffrages sont \u00e9quip\u00e9s de deux trappes de service. Une porte de service verrouillable peut \u00e9galement \u00eatre install\u00e9e en option. Des fentes d\u2019a\u00e9ration servent \u00e0 la circulation de l\u2019air. Ce produit est compatible avec K00281.    <\/p>\n","protected":false},"excerpt":{"rendered":"<p>Les coffrages emp\u00eachent l\u2019accumulation de d\u00e9chets sous les installations de skate. Les coffrages sont \u00e9quip\u00e9s de deux trappes de service. Une porte de service verrouillable peut \u00e9galement \u00eatre install\u00e9e en&#8230;<\/p>\n","protected":false},"featured_media":43518,"template":"","meta":[],"product_brand":[],"product_cat":[12175],"product_tag":[],"class_list":{"0":"post-49888","1":"product","2":"type-product","3":"status-publish","4":"has-post-thumbnail","6":"product_cat-rampes","8":"first","9":"instock","10":"shipping-taxable","11":"purchasable","12":"product-type-simple"},"_links":{"self":[{"href":"https:\/\/verticaltechnik.ch\/fr\/wp-json\/wp\/v2\/product\/49888","targetHints":{"allow":["GET"]}}],"collection":[{"href":"https:\/\/verticaltechnik.ch\/fr\/wp-json\/wp\/v2\/product"}],"about":[{"href":"https:\/\/verticaltechnik.ch\/fr\/wp-json\/wp\/v2\/types\/product"}],"wp:featuredmedia":[{"embeddable":true,"href":"https:\/\/verticaltechnik.ch\/fr\/wp-json\/wp\/v2\/media\/43518"}],"wp:attachment":[{"href":"https:\/\/verticaltechnik.ch\/fr\/wp-json\/wp\/v2\/media?parent=49888"}],"wp:term":[{"taxonomy":"product_brand","embeddable":true,"href":"https:\/\/verticaltechnik.ch\/fr\/wp-json\/wp\/v2\/product_brand?post=49888"},{"taxonomy":"product_cat","embeddable":true,"href":"https:\/\/verticaltechnik.ch\/fr\/wp-json\/wp\/v2\/product_cat?post=49888"},{"taxonomy":"product_tag","embeddable":true,"href":"https:\/\/verticaltechnik.ch\/fr\/wp-json\/wp\/v2\/product_tag?post=49888"}],"curies":[{"name":"wp","href":"https:\/\/api.w.org\/{rel}","templated":true}]}}