{"id":49899,"date":"2025-08-28T10:11:39","date_gmt":"2025-08-28T10:11:39","guid":{"rendered":"https:\/\/newvt.verticaltechnik.ch\/product\/coffrage-pour-quarter-pipe-1200-45-m\/"},"modified":"2025-08-28T10:11:39","modified_gmt":"2025-08-28T10:11:39","slug":"coffrage-pour-quarter-pipe-1200-45-m","status":"publish","type":"product","link":"https:\/\/verticaltechnik.ch\/fr\/produit\/coffrage-pour-quarter-pipe-1200-45-m\/","title":{"rendered":"Coffrage pour quarter-pipe 1200 4,5 m"},"content":{"rendered":"<p>Les coffrages emp\u00eachent l\u2019accumulation de d\u00e9chets sous les installations de skate. Le coffrage est \u00e9quip\u00e9 d\u2019une trappe de service. En option, une porte de service verrouillable peut \u00e9galement \u00eatre install\u00e9e.   Les fentes d\u2019a\u00e9ration servent \u00e0 la circulation de l\u2019air. Ce produit est compatible avec K00174. <\/p>\n","protected":false},"excerpt":{"rendered":"<p>Les coffrages emp\u00eachent l\u2019accumulation de d\u00e9chets sous les installations de skate. Le coffrage est \u00e9quip\u00e9 d\u2019une trappe de service. En option, une porte de service verrouillable peut \u00e9galement \u00eatre install\u00e9e&#8230;.<\/p>\n","protected":false},"featured_media":43650,"template":"","meta":[],"product_brand":[],"product_cat":[11935],"product_tag":[],"class_list":{"0":"post-49899","1":"product","2":"type-product","3":"status-publish","4":"has-post-thumbnail","6":"product_cat-module","8":"first","9":"instock","10":"shipping-taxable","11":"purchasable","12":"product-type-simple"},"_links":{"self":[{"href":"https:\/\/verticaltechnik.ch\/fr\/wp-json\/wp\/v2\/product\/49899","targetHints":{"allow":["GET"]}}],"collection":[{"href":"https:\/\/verticaltechnik.ch\/fr\/wp-json\/wp\/v2\/product"}],"about":[{"href":"https:\/\/verticaltechnik.ch\/fr\/wp-json\/wp\/v2\/types\/product"}],"wp:featuredmedia":[{"embeddable":true,"href":"https:\/\/verticaltechnik.ch\/fr\/wp-json\/wp\/v2\/media\/43650"}],"wp:attachment":[{"href":"https:\/\/verticaltechnik.ch\/fr\/wp-json\/wp\/v2\/media?parent=49899"}],"wp:term":[{"taxonomy":"product_brand","embeddable":true,"href":"https:\/\/verticaltechnik.ch\/fr\/wp-json\/wp\/v2\/product_brand?post=49899"},{"taxonomy":"product_cat","embeddable":true,"href":"https:\/\/verticaltechnik.ch\/fr\/wp-json\/wp\/v2\/product_cat?post=49899"},{"taxonomy":"product_tag","embeddable":true,"href":"https:\/\/verticaltechnik.ch\/fr\/wp-json\/wp\/v2\/product_tag?post=49899"}],"curies":[{"name":"wp","href":"https:\/\/api.w.org\/{rel}","templated":true}]}}