{"id":49913,"date":"2025-08-28T10:10:39","date_gmt":"2025-08-28T10:10:39","guid":{"rendered":"https:\/\/newvt.verticaltechnik.ch\/product\/boitier-pour-pandora-box-600\/"},"modified":"2025-08-28T10:10:39","modified_gmt":"2025-08-28T10:10:39","slug":"boitier-pour-pandora-box-600","status":"publish","type":"product","link":"https:\/\/verticaltechnik.ch\/fr\/produit\/boitier-pour-pandora-box-600\/","title":{"rendered":"Bo\u00eetier pour Pandora Box 600"},"content":{"rendered":"<p>Les coffrages emp\u00eachent l&rsquo;accumulation de d\u00e9chets sous les installations de skate. Il est possible de les \u00e9quiper d&rsquo;une porte d&rsquo;acc\u00e8s. Des fentes d&rsquo;a\u00e9ration servent \u00e0 la circulation de l&rsquo;air. Ce produit est compatible avec K00114.   <\/p>\n","protected":false},"excerpt":{"rendered":"<p>Les coffrages emp\u00eachent l&rsquo;accumulation de d\u00e9chets sous les installations de skate. Il est possible de les \u00e9quiper d&rsquo;une porte d&rsquo;acc\u00e8s. Des fentes d&rsquo;a\u00e9ration servent \u00e0 la circulation de l&rsquo;air. Ce&#8230;<\/p>\n","protected":false},"featured_media":43702,"template":"","meta":[],"product_brand":[],"product_cat":[11935],"product_tag":[],"class_list":{"0":"post-49913","1":"product","2":"type-product","3":"status-publish","4":"has-post-thumbnail","6":"product_cat-module","8":"first","9":"instock","10":"shipping-taxable","11":"purchasable","12":"product-type-simple"},"_links":{"self":[{"href":"https:\/\/verticaltechnik.ch\/fr\/wp-json\/wp\/v2\/product\/49913","targetHints":{"allow":["GET"]}}],"collection":[{"href":"https:\/\/verticaltechnik.ch\/fr\/wp-json\/wp\/v2\/product"}],"about":[{"href":"https:\/\/verticaltechnik.ch\/fr\/wp-json\/wp\/v2\/types\/product"}],"wp:featuredmedia":[{"embeddable":true,"href":"https:\/\/verticaltechnik.ch\/fr\/wp-json\/wp\/v2\/media\/43702"}],"wp:attachment":[{"href":"https:\/\/verticaltechnik.ch\/fr\/wp-json\/wp\/v2\/media?parent=49913"}],"wp:term":[{"taxonomy":"product_brand","embeddable":true,"href":"https:\/\/verticaltechnik.ch\/fr\/wp-json\/wp\/v2\/product_brand?post=49913"},{"taxonomy":"product_cat","embeddable":true,"href":"https:\/\/verticaltechnik.ch\/fr\/wp-json\/wp\/v2\/product_cat?post=49913"},{"taxonomy":"product_tag","embeddable":true,"href":"https:\/\/verticaltechnik.ch\/fr\/wp-json\/wp\/v2\/product_tag?post=49913"}],"curies":[{"name":"wp","href":"https:\/\/api.w.org\/{rel}","templated":true}]}}