{"id":49920,"date":"2025-08-28T10:10:40","date_gmt":"2025-08-28T10:10:40","guid":{"rendered":"https:\/\/newvt.verticaltechnik.ch\/product\/boitier-pour-pandora-box-600-grand-modele\/"},"modified":"2025-08-28T10:10:40","modified_gmt":"2025-08-28T10:10:40","slug":"boitier-pour-pandora-box-600-grand-modele","status":"publish","type":"product","link":"https:\/\/verticaltechnik.ch\/fr\/produit\/boitier-pour-pandora-box-600-grand-modele\/","title":{"rendered":"Bo\u00eetier pour Pandora Box 600 grand mod\u00e8le"},"content":{"rendered":"<p>Les coffrages emp\u00eachent l&rsquo;accumulation de d\u00e9chets sous les installations de skate. Les fentes d&rsquo;a\u00e9ration servent \u00e0 la circulation de l&rsquo;air. Ce produit est compatible avec K00116.  <\/p>\n","protected":false},"excerpt":{"rendered":"<p>Les coffrages emp\u00eachent l&rsquo;accumulation de d\u00e9chets sous les installations de skate. Les fentes d&rsquo;a\u00e9ration servent \u00e0 la circulation de l&rsquo;air. Ce produit est compatible avec K00116.<\/p>\n","protected":false},"featured_media":43698,"template":"","meta":[],"product_brand":[],"product_cat":[11935],"product_tag":[],"class_list":{"0":"post-49920","1":"product","2":"type-product","3":"status-publish","4":"has-post-thumbnail","6":"product_cat-module","8":"first","9":"instock","10":"shipping-taxable","11":"purchasable","12":"product-type-simple"},"_links":{"self":[{"href":"https:\/\/verticaltechnik.ch\/fr\/wp-json\/wp\/v2\/product\/49920","targetHints":{"allow":["GET"]}}],"collection":[{"href":"https:\/\/verticaltechnik.ch\/fr\/wp-json\/wp\/v2\/product"}],"about":[{"href":"https:\/\/verticaltechnik.ch\/fr\/wp-json\/wp\/v2\/types\/product"}],"wp:featuredmedia":[{"embeddable":true,"href":"https:\/\/verticaltechnik.ch\/fr\/wp-json\/wp\/v2\/media\/43698"}],"wp:attachment":[{"href":"https:\/\/verticaltechnik.ch\/fr\/wp-json\/wp\/v2\/media?parent=49920"}],"wp:term":[{"taxonomy":"product_brand","embeddable":true,"href":"https:\/\/verticaltechnik.ch\/fr\/wp-json\/wp\/v2\/product_brand?post=49920"},{"taxonomy":"product_cat","embeddable":true,"href":"https:\/\/verticaltechnik.ch\/fr\/wp-json\/wp\/v2\/product_cat?post=49920"},{"taxonomy":"product_tag","embeddable":true,"href":"https:\/\/verticaltechnik.ch\/fr\/wp-json\/wp\/v2\/product_tag?post=49920"}],"curies":[{"name":"wp","href":"https:\/\/api.w.org\/{rel}","templated":true}]}}