{"id":49969,"date":"2025-08-28T10:26:27","date_gmt":"2025-08-28T10:26:27","guid":{"rendered":"https:\/\/newvt.verticaltechnik.ch\/product\/rail-granite-element-r1\/"},"modified":"2026-02-04T14:41:15","modified_gmt":"2026-02-04T14:41:15","slug":"rail-granite-element-r1","status":"publish","type":"product","link":"https:\/\/verticaltechnik.ch\/fr\/produit\/rail-granite-element-r1\/","title":{"rendered":"Rail Granite Element R1"},"content":{"rendered":"<p>Diff\u00e9rents tricks de slide ou de grind peuvent \u00eatre r\u00e9alis\u00e9s sur ce rail. L&rsquo;utilisation est individuelle et peut \u00eatre combin\u00e9e avec d&rsquo;autres modules.  <\/p>\n","protected":false},"excerpt":{"rendered":"<p>Diff\u00e9rents tricks de slide ou de grind peuvent \u00eatre r\u00e9alis\u00e9s sur ce rail. L&rsquo;utilisation est individuelle et peut \u00eatre combin\u00e9e avec d&rsquo;autres modules.<\/p>\n","protected":false},"featured_media":42942,"template":"","meta":[],"product_brand":[],"product_cat":[12180,11870],"product_tag":[],"class_list":{"0":"post-49969","1":"product","2":"type-product","3":"status-publish","4":"has-post-thumbnail","6":"product_cat-rail","7":"product_cat-rail-style-a-bord-droit","9":"first","10":"instock","11":"shipping-taxable","12":"purchasable","13":"product-type-simple"},"_links":{"self":[{"href":"https:\/\/verticaltechnik.ch\/fr\/wp-json\/wp\/v2\/product\/49969","targetHints":{"allow":["GET"]}}],"collection":[{"href":"https:\/\/verticaltechnik.ch\/fr\/wp-json\/wp\/v2\/product"}],"about":[{"href":"https:\/\/verticaltechnik.ch\/fr\/wp-json\/wp\/v2\/types\/product"}],"wp:featuredmedia":[{"embeddable":true,"href":"https:\/\/verticaltechnik.ch\/fr\/wp-json\/wp\/v2\/media\/42942"}],"wp:attachment":[{"href":"https:\/\/verticaltechnik.ch\/fr\/wp-json\/wp\/v2\/media?parent=49969"}],"wp:term":[{"taxonomy":"product_brand","embeddable":true,"href":"https:\/\/verticaltechnik.ch\/fr\/wp-json\/wp\/v2\/product_brand?post=49969"},{"taxonomy":"product_cat","embeddable":true,"href":"https:\/\/verticaltechnik.ch\/fr\/wp-json\/wp\/v2\/product_cat?post=49969"},{"taxonomy":"product_tag","embeddable":true,"href":"https:\/\/verticaltechnik.ch\/fr\/wp-json\/wp\/v2\/product_tag?post=49969"}],"curies":[{"name":"wp","href":"https:\/\/api.w.org\/{rel}","templated":true}]}}