{"id":49988,"date":"2025-08-28T10:24:33","date_gmt":"2025-08-28T10:24:33","guid":{"rendered":"https:\/\/newvt.verticaltechnik.ch\/product\/remplacement-1-margelle-de-piscine-genericproductname1\/"},"modified":"2025-08-28T10:24:33","modified_gmt":"2025-08-28T10:24:33","slug":"remplacement-1-margelle-de-piscine-genericproductname1","status":"publish","type":"product","link":"https:\/\/verticaltechnik.ch\/fr\/produit\/remplacement-1-margelle-de-piscine-genericproductname1\/","title":{"rendered":"Remplacement 1 margelle de piscine GenericProductName1"},"content":{"rendered":"<p>Remplacement d&rsquo;une plaque de margelle de piscine existante d&rsquo;une longueur maximale de 0,75 m. Inclut le d\u00e9montage de la plaque existante, la d\u00e9coupe, l&rsquo;ajustement, le collage, le jointoiement de la nouvelle plaque de margelle de piscine et l&rsquo;\u00e9limination de l&rsquo;ancien mat\u00e9riau.  <\/p>\n","protected":false},"excerpt":{"rendered":"<p>Remplacement d&rsquo;une plaque de margelle de piscine existante d&rsquo;une longueur maximale de 0,75 m. Inclut le d\u00e9montage de la plaque existante, la d\u00e9coupe, l&rsquo;ajustement, le collage, le jointoiement de la&#8230;<\/p>\n","protected":false},"featured_media":43014,"template":"","meta":[],"product_brand":[],"product_cat":[12183],"product_tag":[],"class_list":{"0":"post-49988","1":"product","2":"type-product","3":"status-publish","4":"has-post-thumbnail","6":"product_cat-reparations","8":"first","9":"instock","10":"shipping-taxable","11":"purchasable","12":"product-type-simple"},"_links":{"self":[{"href":"https:\/\/verticaltechnik.ch\/fr\/wp-json\/wp\/v2\/product\/49988","targetHints":{"allow":["GET"]}}],"collection":[{"href":"https:\/\/verticaltechnik.ch\/fr\/wp-json\/wp\/v2\/product"}],"about":[{"href":"https:\/\/verticaltechnik.ch\/fr\/wp-json\/wp\/v2\/types\/product"}],"wp:featuredmedia":[{"embeddable":true,"href":"https:\/\/verticaltechnik.ch\/fr\/wp-json\/wp\/v2\/media\/43014"}],"wp:attachment":[{"href":"https:\/\/verticaltechnik.ch\/fr\/wp-json\/wp\/v2\/media?parent=49988"}],"wp:term":[{"taxonomy":"product_brand","embeddable":true,"href":"https:\/\/verticaltechnik.ch\/fr\/wp-json\/wp\/v2\/product_brand?post=49988"},{"taxonomy":"product_cat","embeddable":true,"href":"https:\/\/verticaltechnik.ch\/fr\/wp-json\/wp\/v2\/product_cat?post=49988"},{"taxonomy":"product_tag","embeddable":true,"href":"https:\/\/verticaltechnik.ch\/fr\/wp-json\/wp\/v2\/product_tag?post=49988"}],"curies":[{"name":"wp","href":"https:\/\/api.w.org\/{rel}","templated":true}]}}