{"id":49996,"date":"2025-08-28T10:24:31","date_gmt":"2025-08-28T10:24:31","guid":{"rendered":"https:\/\/newvt.verticaltechnik.ch\/product\/exchange-1-cover-pandora-box\/"},"modified":"2025-08-28T10:24:31","modified_gmt":"2025-08-28T10:24:31","slug":"exchange-1-cover-pandora-box","status":"publish","type":"product","link":"https:\/\/verticaltechnik.ch\/fr\/product\/exchange-1-cover-pandora-box\/","title":{"rendered":"Exchange 1 cover Pandora Box"},"content":{"rendered":"<p>D\u00e9montage du coffrage existant, max. 3m de long. D\u00e9coupe, marquage des per\u00e7ages, per\u00e7age, chanfreinage du nouveau coffrage en t\u00f4le galvanis\u00e9e. Montage du nouveau coffrage. Mat\u00e9riel de visserie et \u00e9limination des anciens mat\u00e9riaux inclus.    <\/p>\n","protected":false},"excerpt":{"rendered":"<p>D\u00e9montage du coffrage existant, max. 3m de long. D\u00e9coupe, marquage des per\u00e7ages, per\u00e7age, chanfreinage du nouveau coffrage en t\u00f4le galvanis\u00e9e. Montage du nouveau coffrage. Mat\u00e9riel de visserie et \u00e9limination des&#8230;<\/p>\n","protected":false},"featured_media":43022,"template":"","meta":[],"product_brand":[],"product_cat":[12025],"product_tag":[],"class_list":{"0":"post-49996","1":"product","2":"type-product","3":"status-publish","4":"has-post-thumbnail","6":"product_cat-remplacement-du-coffrage","8":"first","9":"instock","10":"shipping-taxable","11":"purchasable","12":"product-type-simple"},"_links":{"self":[{"href":"https:\/\/verticaltechnik.ch\/fr\/wp-json\/wp\/v2\/product\/49996","targetHints":{"allow":["GET"]}}],"collection":[{"href":"https:\/\/verticaltechnik.ch\/fr\/wp-json\/wp\/v2\/product"}],"about":[{"href":"https:\/\/verticaltechnik.ch\/fr\/wp-json\/wp\/v2\/types\/product"}],"wp:featuredmedia":[{"embeddable":true,"href":"https:\/\/verticaltechnik.ch\/fr\/wp-json\/wp\/v2\/media\/43022"}],"wp:attachment":[{"href":"https:\/\/verticaltechnik.ch\/fr\/wp-json\/wp\/v2\/media?parent=49996"}],"wp:term":[{"taxonomy":"product_brand","embeddable":true,"href":"https:\/\/verticaltechnik.ch\/fr\/wp-json\/wp\/v2\/product_brand?post=49996"},{"taxonomy":"product_cat","embeddable":true,"href":"https:\/\/verticaltechnik.ch\/fr\/wp-json\/wp\/v2\/product_cat?post=49996"},{"taxonomy":"product_tag","embeddable":true,"href":"https:\/\/verticaltechnik.ch\/fr\/wp-json\/wp\/v2\/product_tag?post=49996"}],"curies":[{"name":"wp","href":"https:\/\/api.w.org\/{rel}","templated":true}]}}