{"id":50001,"date":"2025-08-28T10:24:27","date_gmt":"2025-08-28T10:24:27","guid":{"rendered":"https:\/\/newvt.verticaltechnik.ch\/product\/remplacement-du-revetement-de-surface-mini-rampe-1900-6m\/"},"modified":"2025-08-28T10:24:27","modified_gmt":"2025-08-28T10:24:27","slug":"remplacement-du-revetement-de-surface-mini-rampe-1900-6m","status":"publish","type":"product","link":"https:\/\/verticaltechnik.ch\/fr\/product\/remplacement-du-revetement-de-surface-mini-rampe-1900-6m\/","title":{"rendered":"Remplacement du rev\u00eatement de surface Mini-rampe 1900 6m"},"content":{"rendered":"<p>D\u00e9montage du rev\u00eatement existant et des anciennes lattes de bois des arrondis. D\u00e9coupe et montage de nouvelles lattes de bois, ainsi que remontage du rev\u00eatement existant. Mat\u00e9riel de visserie inclus. \u00c9vacuation de l\u2019ancien mat\u00e9riel \u00e0 la charge du client. Veuillez mettre \u00e0 disposition une benne \u00e0 bois.    <\/p>\n","protected":false},"excerpt":{"rendered":"<p>D\u00e9montage du rev\u00eatement existant et des anciennes lattes de bois des arrondis. D\u00e9coupe et montage de nouvelles lattes de bois, ainsi que remontage du rev\u00eatement existant. Mat\u00e9riel de visserie inclus&#8230;.<\/p>\n","protected":false},"featured_media":43038,"template":"","meta":[],"product_brand":[],"product_cat":[11746],"product_tag":[],"class_list":{"0":"post-50001","1":"product","2":"type-product","3":"status-publish","4":"has-post-thumbnail","6":"product_cat-remplacement-du-revetement-anti-encastrement","8":"first","9":"instock","10":"shipping-taxable","11":"purchasable","12":"product-type-simple"},"_links":{"self":[{"href":"https:\/\/verticaltechnik.ch\/fr\/wp-json\/wp\/v2\/product\/50001","targetHints":{"allow":["GET"]}}],"collection":[{"href":"https:\/\/verticaltechnik.ch\/fr\/wp-json\/wp\/v2\/product"}],"about":[{"href":"https:\/\/verticaltechnik.ch\/fr\/wp-json\/wp\/v2\/types\/product"}],"wp:featuredmedia":[{"embeddable":true,"href":"https:\/\/verticaltechnik.ch\/fr\/wp-json\/wp\/v2\/media\/43038"}],"wp:attachment":[{"href":"https:\/\/verticaltechnik.ch\/fr\/wp-json\/wp\/v2\/media?parent=50001"}],"wp:term":[{"taxonomy":"product_brand","embeddable":true,"href":"https:\/\/verticaltechnik.ch\/fr\/wp-json\/wp\/v2\/product_brand?post=50001"},{"taxonomy":"product_cat","embeddable":true,"href":"https:\/\/verticaltechnik.ch\/fr\/wp-json\/wp\/v2\/product_cat?post=50001"},{"taxonomy":"product_tag","embeddable":true,"href":"https:\/\/verticaltechnik.ch\/fr\/wp-json\/wp\/v2\/product_tag?post=50001"}],"curies":[{"name":"wp","href":"https:\/\/api.w.org\/{rel}","templated":true}]}}