{"id":50034,"date":"2025-08-28T10:38:42","date_gmt":"2025-08-28T10:38:42","guid":{"rendered":"https:\/\/newvt.verticaltechnik.ch\/product\/combinaison-de-rampes-174-m\/"},"modified":"2025-08-28T10:38:42","modified_gmt":"2025-08-28T10:38:42","slug":"combinaison-de-rampes-174-m","status":"publish","type":"product","link":"https:\/\/verticaltechnik.ch\/fr\/product\/combinaison-de-rampes-174-m\/","title":{"rendered":"Combinaison de rampes 17,4 m"},"content":{"rendered":"<p>Location de rampe combin\u00e9e 17,4 m, surface 24,0 x 17,4 m. Le montage et le d\u00e9montage sont effectu\u00e9s, selon l\u2019option choisie, par Vertical Technik AG ou par 8 aides au montage mis \u00e0 disposition par le client, avec l\u2019assistance d\u2019un chef de montage de Vertical Technik AG.<\/p>\n","protected":false},"excerpt":{"rendered":"<p>Location de rampe combin\u00e9e 17,4 m, surface 24,0 x 17,4 m. Le montage et le d\u00e9montage sont effectu\u00e9s, selon l\u2019option choisie, par Vertical Technik AG ou par 8 aides au&#8230;<\/p>\n","protected":false},"featured_media":0,"template":"","meta":[],"product_brand":[],"product_cat":[12191,11971],"product_tag":[],"class_list":{"0":"post-50034","1":"product","2":"type-product","3":"status-publish","5":"product_cat-rampes-combinees","6":"product_cat-services","8":"first","9":"instock","10":"shipping-taxable","11":"purchasable","12":"product-type-simple"},"_links":{"self":[{"href":"https:\/\/verticaltechnik.ch\/fr\/wp-json\/wp\/v2\/product\/50034","targetHints":{"allow":["GET"]}}],"collection":[{"href":"https:\/\/verticaltechnik.ch\/fr\/wp-json\/wp\/v2\/product"}],"about":[{"href":"https:\/\/verticaltechnik.ch\/fr\/wp-json\/wp\/v2\/types\/product"}],"wp:attachment":[{"href":"https:\/\/verticaltechnik.ch\/fr\/wp-json\/wp\/v2\/media?parent=50034"}],"wp:term":[{"taxonomy":"product_brand","embeddable":true,"href":"https:\/\/verticaltechnik.ch\/fr\/wp-json\/wp\/v2\/product_brand?post=50034"},{"taxonomy":"product_cat","embeddable":true,"href":"https:\/\/verticaltechnik.ch\/fr\/wp-json\/wp\/v2\/product_cat?post=50034"},{"taxonomy":"product_tag","embeddable":true,"href":"https:\/\/verticaltechnik.ch\/fr\/wp-json\/wp\/v2\/product_tag?post=50034"}],"curies":[{"name":"wp","href":"https:\/\/api.w.org\/{rel}","templated":true}]}}