{"id":50037,"date":"2025-08-28T10:38:43","date_gmt":"2025-08-28T10:38:43","guid":{"rendered":"https:\/\/newvt.verticaltechnik.ch\/product\/combinaison-de-rampes-23-5-m\/"},"modified":"2025-08-28T10:38:43","modified_gmt":"2025-08-28T10:38:43","slug":"combinaison-de-rampes-23-5-m","status":"publish","type":"product","link":"https:\/\/verticaltechnik.ch\/fr\/product\/combinaison-de-rampes-23-5-m\/","title":{"rendered":"Combinaison de rampes 23.5 m"},"content":{"rendered":"<p>Location de rampe combin\u00e9e 23.5 m, surface 25.8 x 23.5 m. Le montage et le d\u00e9montage, selon l&rsquo;option choisie, sont effectu\u00e9s par Vertical Technik AG ou par 8 aides au montage mis \u00e0 disposition par le client, avec le soutien d&rsquo;un chef de montage de Vertical Technik AG.<\/p>\n","protected":false},"excerpt":{"rendered":"<p>Location de rampe combin\u00e9e 23.5 m, surface 25.8 x 23.5 m. Le montage et le d\u00e9montage, selon l&rsquo;option choisie, sont effectu\u00e9s par Vertical Technik AG ou par 8 aides au&#8230;<\/p>\n","protected":false},"featured_media":0,"template":"","meta":[],"product_brand":[],"product_cat":[12191,11971],"product_tag":[],"class_list":{"0":"post-50037","1":"product","2":"type-product","3":"status-publish","5":"product_cat-rampes-combinees","6":"product_cat-services","8":"first","9":"instock","10":"shipping-taxable","11":"purchasable","12":"product-type-simple"},"_links":{"self":[{"href":"https:\/\/verticaltechnik.ch\/fr\/wp-json\/wp\/v2\/product\/50037","targetHints":{"allow":["GET"]}}],"collection":[{"href":"https:\/\/verticaltechnik.ch\/fr\/wp-json\/wp\/v2\/product"}],"about":[{"href":"https:\/\/verticaltechnik.ch\/fr\/wp-json\/wp\/v2\/types\/product"}],"wp:attachment":[{"href":"https:\/\/verticaltechnik.ch\/fr\/wp-json\/wp\/v2\/media?parent=50037"}],"wp:term":[{"taxonomy":"product_brand","embeddable":true,"href":"https:\/\/verticaltechnik.ch\/fr\/wp-json\/wp\/v2\/product_brand?post=50037"},{"taxonomy":"product_cat","embeddable":true,"href":"https:\/\/verticaltechnik.ch\/fr\/wp-json\/wp\/v2\/product_cat?post=50037"},{"taxonomy":"product_tag","embeddable":true,"href":"https:\/\/verticaltechnik.ch\/fr\/wp-json\/wp\/v2\/product_tag?post=50037"}],"curies":[{"name":"wp","href":"https:\/\/api.w.org\/{rel}","templated":true}]}}