{"id":50054,"date":"2025-08-28T10:37:42","date_gmt":"2025-08-28T10:37:42","guid":{"rendered":"https:\/\/newvt.verticaltechnik.ch\/product\/mini-rampe-msr-hip-spine-open-10-5-m-10-5-m\/"},"modified":"2025-08-28T10:37:42","modified_gmt":"2025-08-28T10:37:42","slug":"mini-rampe-msr-hip-spine-open-10-5-m-10-5-m","status":"publish","type":"product","link":"https:\/\/verticaltechnik.ch\/fr\/product\/mini-rampe-msr-hip-spine-open-10-5-m-10-5-m\/","title":{"rendered":"Mini-rampe MSR Hip Spine open 10.5 m + 10.5 m"},"content":{"rendered":"<p>Location mini-rampe MSR Hip Spine open 10.5 m + 10.5 m, surface 27.2 x 20.6 m. Le montage et le d\u00e9montage sont effectu\u00e9s, selon l&rsquo;option choisie, par Vertical Technik AG ou par 4 aides au montage mises \u00e0 disposition par le client, avec le soutien d&rsquo;un chef de montage de Vertical Technik AG.<\/p>\n","protected":false},"excerpt":{"rendered":"<p>Location mini-rampe MSR Hip Spine open 10.5 m + 10.5 m, surface 27.2 x 20.6 m. Le montage et le d\u00e9montage sont effectu\u00e9s, selon l&rsquo;option choisie, par Vertical Technik AG&#8230;<\/p>\n","protected":false},"featured_media":57702,"template":"","meta":[],"product_brand":[],"product_cat":[12198],"product_tag":[],"class_list":{"0":"post-50054","1":"product","2":"type-product","3":"status-publish","4":"has-post-thumbnail","6":"product_cat-minir-msr-hip-spine-open","8":"first","9":"instock","10":"shipping-taxable","11":"purchasable","12":"product-type-simple"},"_links":{"self":[{"href":"https:\/\/verticaltechnik.ch\/fr\/wp-json\/wp\/v2\/product\/50054","targetHints":{"allow":["GET"]}}],"collection":[{"href":"https:\/\/verticaltechnik.ch\/fr\/wp-json\/wp\/v2\/product"}],"about":[{"href":"https:\/\/verticaltechnik.ch\/fr\/wp-json\/wp\/v2\/types\/product"}],"wp:featuredmedia":[{"embeddable":true,"href":"https:\/\/verticaltechnik.ch\/fr\/wp-json\/wp\/v2\/media\/57702"}],"wp:attachment":[{"href":"https:\/\/verticaltechnik.ch\/fr\/wp-json\/wp\/v2\/media?parent=50054"}],"wp:term":[{"taxonomy":"product_brand","embeddable":true,"href":"https:\/\/verticaltechnik.ch\/fr\/wp-json\/wp\/v2\/product_brand?post=50054"},{"taxonomy":"product_cat","embeddable":true,"href":"https:\/\/verticaltechnik.ch\/fr\/wp-json\/wp\/v2\/product_cat?post=50054"},{"taxonomy":"product_tag","embeddable":true,"href":"https:\/\/verticaltechnik.ch\/fr\/wp-json\/wp\/v2\/product_tag?post=50054"}],"curies":[{"name":"wp","href":"https:\/\/api.w.org\/{rel}","templated":true}]}}