{"id":50068,"date":"2025-08-28T10:37:35","date_gmt":"2025-08-28T10:37:35","guid":{"rendered":"https:\/\/newvt.verticaltechnik.ch\/product\/mini-rampe-msr-hip-spine-closed-10-5-m-10-5-m\/"},"modified":"2025-08-28T10:37:35","modified_gmt":"2025-08-28T10:37:35","slug":"mini-rampe-msr-hip-spine-closed-10-5-m-10-5-m","status":"publish","type":"product","link":"https:\/\/verticaltechnik.ch\/fr\/product\/mini-rampe-msr-hip-spine-closed-10-5-m-10-5-m\/","title":{"rendered":"Mini-rampe MSR Hip Spine closed 10.5 m + 10.5 m"},"content":{"rendered":"<p>Location de mini-rampe MSR Hip Spine closed 10,5 m + 10,5 m, surface 27,2 x 20,6 m. Le montage et le d\u00e9montage sont effectu\u00e9s, selon l&rsquo;option choisie, par Vertical Technik AG ou par des assistants de montage mis \u00e0 disposition par le client, avec le soutien d&rsquo;un chef de montage de Vertical Technik AG.<\/p>\n","protected":false},"excerpt":{"rendered":"<p>Location de mini-rampe MSR Hip Spine closed 10,5 m + 10,5 m, surface 27,2 x 20,6 m. Le montage et le d\u00e9montage sont effectu\u00e9s, selon l&rsquo;option choisie, par Vertical Technik&#8230;<\/p>\n","protected":false},"featured_media":57706,"template":"","meta":[],"product_brand":[],"product_cat":[12019],"product_tag":[],"class_list":{"0":"post-50068","1":"product","2":"type-product","3":"status-publish","4":"has-post-thumbnail","6":"product_cat-minir-msr-hip-spine-ferme","8":"first","9":"instock","10":"shipping-taxable","11":"purchasable","12":"product-type-simple"},"_links":{"self":[{"href":"https:\/\/verticaltechnik.ch\/fr\/wp-json\/wp\/v2\/product\/50068","targetHints":{"allow":["GET"]}}],"collection":[{"href":"https:\/\/verticaltechnik.ch\/fr\/wp-json\/wp\/v2\/product"}],"about":[{"href":"https:\/\/verticaltechnik.ch\/fr\/wp-json\/wp\/v2\/types\/product"}],"wp:featuredmedia":[{"embeddable":true,"href":"https:\/\/verticaltechnik.ch\/fr\/wp-json\/wp\/v2\/media\/57706"}],"wp:attachment":[{"href":"https:\/\/verticaltechnik.ch\/fr\/wp-json\/wp\/v2\/media?parent=50068"}],"wp:term":[{"taxonomy":"product_brand","embeddable":true,"href":"https:\/\/verticaltechnik.ch\/fr\/wp-json\/wp\/v2\/product_brand?post=50068"},{"taxonomy":"product_cat","embeddable":true,"href":"https:\/\/verticaltechnik.ch\/fr\/wp-json\/wp\/v2\/product_cat?post=50068"},{"taxonomy":"product_tag","embeddable":true,"href":"https:\/\/verticaltechnik.ch\/fr\/wp-json\/wp\/v2\/product_tag?post=50068"}],"curies":[{"name":"wp","href":"https:\/\/api.w.org\/{rel}","templated":true}]}}