{"id":50111,"date":"2025-08-28T10:27:40","date_gmt":"2025-08-28T10:27:40","guid":{"rendered":"https:\/\/newvt.verticaltechnik.ch\/product\/surface-de-roulement-skateface-8-x-1320-x-3050-mm\/"},"modified":"2025-08-28T10:27:40","modified_gmt":"2025-08-28T10:27:40","slug":"surface-de-roulement-skateface-8-x-1320-x-3050-mm","status":"publish","type":"product","link":"https:\/\/verticaltechnik.ch\/fr\/produit\/surface-de-roulement-skateface-8-x-1320-x-3050-mm\/","title":{"rendered":"Surface de roulement SKATEFACE\u00ae 8 x 1320 x 3050 mm"},"content":{"rendered":"<p>Le rev\u00eatement de sol sp\u00e9cialement con\u00e7u pour nos skateparks poss\u00e8de des propri\u00e9t\u00e9s id\u00e9ales. Les principales caract\u00e9ristiques de SKATEFACE\u00ae sont une adh\u00e9rence \u00e9quilibr\u00e9e ainsi qu&rsquo;une tr\u00e8s haute r\u00e9sistance \u00e0 l&rsquo;abrasion et aux intemp\u00e9ries. SKATEFACE\u00ae pr\u00e9sente, outre des propri\u00e9t\u00e9s m\u00e9caniques id\u00e9ales, de tr\u00e8s bonnes caract\u00e9ristiques de roulement. Il convient de souligner les points suivants : faible r\u00e9sistance au roulement, pop parfait pour les ollies et la propri\u00e9t\u00e9 de s\u00e9cher rapidement apr\u00e8s une averse.    <\/p>\n<p>Le mat\u00e9riau est homog\u00e8ne et ne poss\u00e8de donc aucun pore o\u00f9 l&rsquo;eau pourrait s&rsquo;infiltrer. Par cons\u00e9quent, ce mat\u00e9riau est id\u00e9al pour une utilisation en ext\u00e9rieur. Les plaques sont flexibles et peuvent \u00eatre courb\u00e9es en rayons sans n\u00e9cessiter de traitement pr\u00e9alable sp\u00e9cifique.  <\/p>\n<p>Les skateparks situ\u00e9s \u00e0 proximit\u00e9 de zones r\u00e9sidentielles peuvent \u00eatre \u00e9quip\u00e9s du rev\u00eatement de sol SKATEFACE\u00ae. Ce mat\u00e9riau est tr\u00e8s silencieux lors du passage de skateboards, de scooters et de BMX.  <\/p>\n<p>Le rev\u00eatement de sol SKATEFACE\u00ae convient \u00e9galement pour recouvrir les modules dans les snowparks. Les wallrides, les tables de pique-nique et les boxes peuvent en \u00eatre \u00e9quip\u00e9s.  <\/p>\n","protected":false},"excerpt":{"rendered":"<p>Le rev\u00eatement de sol sp\u00e9cialement con\u00e7u pour nos skateparks poss\u00e8de des propri\u00e9t\u00e9s id\u00e9ales. Les principales caract\u00e9ristiques de SKATEFACE\u00ae sont une adh\u00e9rence \u00e9quilibr\u00e9e ainsi qu&rsquo;une tr\u00e8s haute r\u00e9sistance \u00e0 l&rsquo;abrasion et&#8230;<\/p>\n","protected":false},"featured_media":42878,"template":"","meta":[],"product_brand":[],"product_cat":[12203],"product_tag":[],"class_list":{"0":"post-50111","1":"product","2":"type-product","3":"status-publish","4":"has-post-thumbnail","6":"product_cat-revetement-de-sol","8":"first","9":"instock","10":"shipping-taxable","11":"purchasable","12":"product-type-simple"},"_links":{"self":[{"href":"https:\/\/verticaltechnik.ch\/fr\/wp-json\/wp\/v2\/product\/50111","targetHints":{"allow":["GET"]}}],"collection":[{"href":"https:\/\/verticaltechnik.ch\/fr\/wp-json\/wp\/v2\/product"}],"about":[{"href":"https:\/\/verticaltechnik.ch\/fr\/wp-json\/wp\/v2\/types\/product"}],"wp:featuredmedia":[{"embeddable":true,"href":"https:\/\/verticaltechnik.ch\/fr\/wp-json\/wp\/v2\/media\/42878"}],"wp:attachment":[{"href":"https:\/\/verticaltechnik.ch\/fr\/wp-json\/wp\/v2\/media?parent=50111"}],"wp:term":[{"taxonomy":"product_brand","embeddable":true,"href":"https:\/\/verticaltechnik.ch\/fr\/wp-json\/wp\/v2\/product_brand?post=50111"},{"taxonomy":"product_cat","embeddable":true,"href":"https:\/\/verticaltechnik.ch\/fr\/wp-json\/wp\/v2\/product_cat?post=50111"},{"taxonomy":"product_tag","embeddable":true,"href":"https:\/\/verticaltechnik.ch\/fr\/wp-json\/wp\/v2\/product_tag?post=50111"}],"curies":[{"name":"wp","href":"https:\/\/api.w.org\/{rel}","templated":true}]}}