{"id":50118,"date":"2025-08-28T10:27:39","date_gmt":"2025-08-28T10:27:39","guid":{"rendered":"https:\/\/newvt.verticaltechnik.ch\/product\/bordure-de-stationnement-en-granit\/"},"modified":"2026-03-17T14:01:36","modified_gmt":"2026-03-17T14:01:36","slug":"bordure-de-stationnement-en-granit","status":"publish","type":"product","link":"https:\/\/verticaltechnik.ch\/fr\/product\/bordure-de-stationnement-en-granit\/","title":{"rendered":"Bordure de stationnement en granit"},"content":{"rendered":"<p>La bordure de stationnement en granit est tr\u00e8s populaire en raison des propri\u00e9t\u00e9s de glissement id\u00e9ales de la surface de glissement en granit finement polie. Des figures telles que le tailslide, le noseslide ou les grinds y sont r\u00e9alis\u00e9s, et de nombreuses combinaisons sont possibles. L&rsquo;utilisation procure une sensation de conduite particuli\u00e8rement agr\u00e9able avec un contr\u00f4le parfait de la planche. Un autre avantage de la bordure de stationnement en granit est la s\u00e9paration claire de la zone de conduite des zones telles que les parkings, les aires de jeux, les zones de si\u00e8ges ou autres.   <\/p>\n","protected":false},"excerpt":{"rendered":"<p>La bordure de stationnement en granit est tr\u00e8s populaire en raison des propri\u00e9t\u00e9s de glissement id\u00e9ales de la surface de glissement en granit finement polie. Des figures telles que le&#8230;<\/p>\n","protected":false},"featured_media":42882,"template":"","meta":[],"product_brand":[],"product_cat":[11893,12357],"product_tag":[],"class_list":{"0":"post-50118","1":"product","2":"type-product","3":"status-publish","4":"has-post-thumbnail","6":"product_cat-rebords","7":"product_cat-mobilier-urbain","9":"first","10":"instock","11":"shipping-taxable","12":"purchasable","13":"product-type-simple"},"_links":{"self":[{"href":"https:\/\/verticaltechnik.ch\/fr\/wp-json\/wp\/v2\/product\/50118","targetHints":{"allow":["GET"]}}],"collection":[{"href":"https:\/\/verticaltechnik.ch\/fr\/wp-json\/wp\/v2\/product"}],"about":[{"href":"https:\/\/verticaltechnik.ch\/fr\/wp-json\/wp\/v2\/types\/product"}],"wp:featuredmedia":[{"embeddable":true,"href":"https:\/\/verticaltechnik.ch\/fr\/wp-json\/wp\/v2\/media\/42882"}],"wp:attachment":[{"href":"https:\/\/verticaltechnik.ch\/fr\/wp-json\/wp\/v2\/media?parent=50118"}],"wp:term":[{"taxonomy":"product_brand","embeddable":true,"href":"https:\/\/verticaltechnik.ch\/fr\/wp-json\/wp\/v2\/product_brand?post=50118"},{"taxonomy":"product_cat","embeddable":true,"href":"https:\/\/verticaltechnik.ch\/fr\/wp-json\/wp\/v2\/product_cat?post=50118"},{"taxonomy":"product_tag","embeddable":true,"href":"https:\/\/verticaltechnik.ch\/fr\/wp-json\/wp\/v2\/product_tag?post=50118"}],"curies":[{"name":"wp","href":"https:\/\/api.w.org\/{rel}","templated":true}]}}