{"id":50119,"date":"2025-08-28T10:27:31","date_gmt":"2025-08-28T10:27:31","guid":{"rendered":"https:\/\/newvt.verticaltechnik.ch\/product\/bloc-de-stationnement-en-granit-z1\/"},"modified":"2026-03-17T14:01:42","modified_gmt":"2026-03-17T14:01:42","slug":"bloc-de-stationnement-en-granit-z1","status":"publish","type":"product","link":"https:\/\/verticaltechnik.ch\/fr\/product\/bloc-de-stationnement-en-granit-z1\/","title":{"rendered":"Bloc de stationnement en granit Z1"},"content":{"rendered":"<p>Diff\u00e9rents tricks de glisse ou de grind peuvent \u00eatre r\u00e9alis\u00e9s sur le Granite Parking Curb. L&rsquo;utilisation du Granite Parking Curb est individuelle et peut \u00eatre combin\u00e9e avec d&rsquo;autres modules.  <\/p>\n","protected":false},"excerpt":{"rendered":"<p>Diff\u00e9rents tricks de glisse ou de grind peuvent \u00eatre r\u00e9alis\u00e9s sur le Granite Parking Curb. L&rsquo;utilisation du Granite Parking Curb est individuelle et peut \u00eatre combin\u00e9e avec d&rsquo;autres modules.<\/p>\n","protected":false},"featured_media":42890,"template":"","meta":[],"product_brand":[],"product_cat":[11893,12357],"product_tag":[],"class_list":{"0":"post-50119","1":"product","2":"type-product","3":"status-publish","4":"has-post-thumbnail","6":"product_cat-rebords","7":"product_cat-mobilier-urbain","9":"first","10":"instock","11":"shipping-taxable","12":"purchasable","13":"product-type-simple"},"_links":{"self":[{"href":"https:\/\/verticaltechnik.ch\/fr\/wp-json\/wp\/v2\/product\/50119","targetHints":{"allow":["GET"]}}],"collection":[{"href":"https:\/\/verticaltechnik.ch\/fr\/wp-json\/wp\/v2\/product"}],"about":[{"href":"https:\/\/verticaltechnik.ch\/fr\/wp-json\/wp\/v2\/types\/product"}],"wp:featuredmedia":[{"embeddable":true,"href":"https:\/\/verticaltechnik.ch\/fr\/wp-json\/wp\/v2\/media\/42890"}],"wp:attachment":[{"href":"https:\/\/verticaltechnik.ch\/fr\/wp-json\/wp\/v2\/media?parent=50119"}],"wp:term":[{"taxonomy":"product_brand","embeddable":true,"href":"https:\/\/verticaltechnik.ch\/fr\/wp-json\/wp\/v2\/product_brand?post=50119"},{"taxonomy":"product_cat","embeddable":true,"href":"https:\/\/verticaltechnik.ch\/fr\/wp-json\/wp\/v2\/product_cat?post=50119"},{"taxonomy":"product_tag","embeddable":true,"href":"https:\/\/verticaltechnik.ch\/fr\/wp-json\/wp\/v2\/product_tag?post=50119"}],"curies":[{"name":"wp","href":"https:\/\/api.w.org\/{rel}","templated":true}]}}