{"id":50204,"date":"2025-08-28T10:28:53","date_gmt":"2025-08-28T10:28:53","guid":{"rendered":"https:\/\/newvt.verticaltechnik.ch\/product\/mortier-dasphalte-mortier\/"},"modified":"2025-08-28T10:28:53","modified_gmt":"2025-08-28T10:28:53","slug":"mortier-dasphalte-mortier","status":"publish","type":"product","link":"https:\/\/verticaltechnik.ch\/fr\/product\/mortier-dasphalte-mortier\/","title":{"rendered":"Mortier d&rsquo;asphalte \/ Mortier"},"content":{"rendered":"<p>Mortier d&rsquo;asphalte PROFIX ATA 2004 C<br \/>\nMortier composite chimique sp\u00e9cial \u00e0 base d&rsquo;une r\u00e9sine de vinylester sans styr\u00e8ne pour des utilisations en combinaison avec des vis \u00e0 asphalte.<br \/>\nContenu 385 ml (suffisant pour environ x 8)<br \/>\n Ce produit est compatible avec K00706.<\/p>\n","protected":false},"excerpt":{"rendered":"<p>Mortier d&rsquo;asphalte PROFIX ATA 2004 C Mortier composite chimique sp\u00e9cial \u00e0 base d&rsquo;une r\u00e9sine de vinylester sans styr\u00e8ne pour des utilisations en combinaison avec des vis \u00e0 asphalte. Contenu 385&#8230;<\/p>\n","protected":false},"featured_media":42806,"template":"","meta":[],"product_brand":[],"product_cat":[12008],"product_tag":[],"class_list":{"0":"post-50204","1":"product","2":"type-product","3":"status-publish","4":"has-post-thumbnail","6":"product_cat-materiel-de-connexion","8":"first","9":"instock","10":"shipping-taxable","11":"purchasable","12":"product-type-simple"},"_links":{"self":[{"href":"https:\/\/verticaltechnik.ch\/fr\/wp-json\/wp\/v2\/product\/50204","targetHints":{"allow":["GET"]}}],"collection":[{"href":"https:\/\/verticaltechnik.ch\/fr\/wp-json\/wp\/v2\/product"}],"about":[{"href":"https:\/\/verticaltechnik.ch\/fr\/wp-json\/wp\/v2\/types\/product"}],"wp:featuredmedia":[{"embeddable":true,"href":"https:\/\/verticaltechnik.ch\/fr\/wp-json\/wp\/v2\/media\/42806"}],"wp:attachment":[{"href":"https:\/\/verticaltechnik.ch\/fr\/wp-json\/wp\/v2\/media?parent=50204"}],"wp:term":[{"taxonomy":"product_brand","embeddable":true,"href":"https:\/\/verticaltechnik.ch\/fr\/wp-json\/wp\/v2\/product_brand?post=50204"},{"taxonomy":"product_cat","embeddable":true,"href":"https:\/\/verticaltechnik.ch\/fr\/wp-json\/wp\/v2\/product_cat?post=50204"},{"taxonomy":"product_tag","embeddable":true,"href":"https:\/\/verticaltechnik.ch\/fr\/wp-json\/wp\/v2\/product_tag?post=50204"}],"curies":[{"name":"wp","href":"https:\/\/api.w.org\/{rel}","templated":true}]}}