{"id":50210,"date":"2025-08-28T10:28:52","date_gmt":"2025-08-28T10:28:52","guid":{"rendered":"https:\/\/newvt.verticaltechnik.ch\/product\/vis-a-asphalte-vis-pour-asphalte\/"},"modified":"2025-08-28T10:28:52","modified_gmt":"2025-08-28T10:28:52","slug":"vis-a-asphalte-vis-pour-asphalte","status":"publish","type":"product","link":"https:\/\/verticaltechnik.ch\/fr\/product\/vis-a-asphalte-vis-pour-asphalte\/","title":{"rendered":"Vis \u00e0 asphalte \/ Vis pour asphalte"},"content":{"rendered":"<p>Vis \u00e0 asphalte PROFIX M10 x 20 (diam\u00e8tre 16 mm, longueur 100 mm) pour application ext\u00e9rieure, ancrage d&rsquo;installations dans l&rsquo;asphalte. Pour un ancrage durable et r\u00e9sistant au gel, il est recommand\u00e9 de combiner l&rsquo;ancrage avec le mortier d&rsquo;asphalte ATA 2004 C. Ce produit est compatible avec K00705.  <\/p>\n","protected":false},"excerpt":{"rendered":"<p>Vis \u00e0 asphalte PROFIX M10 x 20 (diam\u00e8tre 16 mm, longueur 100 mm) pour application ext\u00e9rieure, ancrage d&rsquo;installations dans l&rsquo;asphalte. Pour un ancrage durable et r\u00e9sistant au gel, il est&#8230;<\/p>\n","protected":false},"featured_media":42810,"template":"","meta":[],"product_brand":[],"product_cat":[12008],"product_tag":[],"class_list":{"0":"post-50210","1":"product","2":"type-product","3":"status-publish","4":"has-post-thumbnail","6":"product_cat-materiel-de-connexion","8":"first","9":"instock","10":"shipping-taxable","11":"purchasable","12":"product-type-simple"},"_links":{"self":[{"href":"https:\/\/verticaltechnik.ch\/fr\/wp-json\/wp\/v2\/product\/50210","targetHints":{"allow":["GET"]}}],"collection":[{"href":"https:\/\/verticaltechnik.ch\/fr\/wp-json\/wp\/v2\/product"}],"about":[{"href":"https:\/\/verticaltechnik.ch\/fr\/wp-json\/wp\/v2\/types\/product"}],"wp:featuredmedia":[{"embeddable":true,"href":"https:\/\/verticaltechnik.ch\/fr\/wp-json\/wp\/v2\/media\/42810"}],"wp:attachment":[{"href":"https:\/\/verticaltechnik.ch\/fr\/wp-json\/wp\/v2\/media?parent=50210"}],"wp:term":[{"taxonomy":"product_brand","embeddable":true,"href":"https:\/\/verticaltechnik.ch\/fr\/wp-json\/wp\/v2\/product_brand?post=50210"},{"taxonomy":"product_cat","embeddable":true,"href":"https:\/\/verticaltechnik.ch\/fr\/wp-json\/wp\/v2\/product_cat?post=50210"},{"taxonomy":"product_tag","embeddable":true,"href":"https:\/\/verticaltechnik.ch\/fr\/wp-json\/wp\/v2\/product_tag?post=50210"}],"curies":[{"name":"wp","href":"https:\/\/api.w.org\/{rel}","templated":true}]}}