{"id":50216,"date":"2025-08-28T10:28:51","date_gmt":"2025-08-28T10:28:51","guid":{"rendered":"https:\/\/newvt.verticaltechnik.ch\/product\/vis-6-3-x-45-pour-surface-de-roulement-inclinee\/"},"modified":"2025-08-28T10:28:51","modified_gmt":"2025-08-28T10:28:51","slug":"vis-6-3-x-45-pour-surface-de-roulement-inclinee","status":"publish","type":"product","link":"https:\/\/verticaltechnik.ch\/fr\/produit\/vis-6-3-x-45-pour-surface-de-roulement-inclinee\/","title":{"rendered":"Vis 6.3 x 45 pour surface de roulement inclin\u00e9e"},"content":{"rendered":"<p>Vis autoperceuse 6.3 x 45 \u00e0 t\u00eate frais\u00e9e Torx galvanis\u00e9e, 50 pi\u00e8ces par plaque pour Banks <\/p>\n","protected":false},"excerpt":{"rendered":"<p>Vis autoperceuse 6.3 x 45 \u00e0 t\u00eate frais\u00e9e Torx galvanis\u00e9e, 50 pi\u00e8ces par plaque pour Banks<\/p>\n","protected":false},"featured_media":42814,"template":"","meta":[],"product_brand":[],"product_cat":[12008],"product_tag":[],"class_list":{"0":"post-50216","1":"product","2":"type-product","3":"status-publish","4":"has-post-thumbnail","6":"product_cat-materiel-de-connexion","8":"first","9":"instock","10":"shipping-taxable","11":"purchasable","12":"product-type-simple"},"_links":{"self":[{"href":"https:\/\/verticaltechnik.ch\/fr\/wp-json\/wp\/v2\/product\/50216","targetHints":{"allow":["GET"]}}],"collection":[{"href":"https:\/\/verticaltechnik.ch\/fr\/wp-json\/wp\/v2\/product"}],"about":[{"href":"https:\/\/verticaltechnik.ch\/fr\/wp-json\/wp\/v2\/types\/product"}],"wp:featuredmedia":[{"embeddable":true,"href":"https:\/\/verticaltechnik.ch\/fr\/wp-json\/wp\/v2\/media\/42814"}],"wp:attachment":[{"href":"https:\/\/verticaltechnik.ch\/fr\/wp-json\/wp\/v2\/media?parent=50216"}],"wp:term":[{"taxonomy":"product_brand","embeddable":true,"href":"https:\/\/verticaltechnik.ch\/fr\/wp-json\/wp\/v2\/product_brand?post=50216"},{"taxonomy":"product_cat","embeddable":true,"href":"https:\/\/verticaltechnik.ch\/fr\/wp-json\/wp\/v2\/product_cat?post=50216"},{"taxonomy":"product_tag","embeddable":true,"href":"https:\/\/verticaltechnik.ch\/fr\/wp-json\/wp\/v2\/product_tag?post=50216"}],"curies":[{"name":"wp","href":"https:\/\/api.w.org\/{rel}","templated":true}]}}