{"id":50218,"date":"2025-08-28T10:28:49","date_gmt":"2025-08-28T10:28:49","guid":{"rendered":"https:\/\/newvt.verticaltechnik.ch\/product\/vis-6-3-x-70-pour-poutres-en-bois\/"},"modified":"2025-08-28T10:28:49","modified_gmt":"2025-08-28T10:28:49","slug":"vis-6-3-x-70-pour-poutres-en-bois","status":"publish","type":"product","link":"https:\/\/verticaltechnik.ch\/fr\/produit\/vis-6-3-x-70-pour-poutres-en-bois\/","title":{"rendered":"Vis 6.3 x 70 pour poutres en bois"},"content":{"rendered":"<p>Vis autoperceuse 6.3 x 70 \u00e0 t\u00eate frais\u00e9e Torx galvanis\u00e9e, 5 pi\u00e8ces par latte de 6 m, 4 pi\u00e8ces par latte de 4,5 m, 3 pi\u00e8ces par latte de 3 m, 2 pi\u00e8ces par latte de 1,5 m (valable pour les lattes en bois de 30 mm ou 40 mm)    <\/p>\n","protected":false},"excerpt":{"rendered":"<p>Vis autoperceuse 6.3 x 70 \u00e0 t\u00eate frais\u00e9e Torx galvanis\u00e9e, 5 pi\u00e8ces par latte de 6 m, 4 pi\u00e8ces par latte de 4,5 m, 3 pi\u00e8ces par latte de 3&#8230;<\/p>\n","protected":false},"featured_media":42822,"template":"","meta":[],"product_brand":[],"product_cat":[12008],"product_tag":[],"class_list":{"0":"post-50218","1":"product","2":"type-product","3":"status-publish","4":"has-post-thumbnail","6":"product_cat-materiel-de-connexion","8":"first","9":"instock","10":"shipping-taxable","11":"purchasable","12":"product-type-simple"},"_links":{"self":[{"href":"https:\/\/verticaltechnik.ch\/fr\/wp-json\/wp\/v2\/product\/50218","targetHints":{"allow":["GET"]}}],"collection":[{"href":"https:\/\/verticaltechnik.ch\/fr\/wp-json\/wp\/v2\/product"}],"about":[{"href":"https:\/\/verticaltechnik.ch\/fr\/wp-json\/wp\/v2\/types\/product"}],"wp:featuredmedia":[{"embeddable":true,"href":"https:\/\/verticaltechnik.ch\/fr\/wp-json\/wp\/v2\/media\/42822"}],"wp:attachment":[{"href":"https:\/\/verticaltechnik.ch\/fr\/wp-json\/wp\/v2\/media?parent=50218"}],"wp:term":[{"taxonomy":"product_brand","embeddable":true,"href":"https:\/\/verticaltechnik.ch\/fr\/wp-json\/wp\/v2\/product_brand?post=50218"},{"taxonomy":"product_cat","embeddable":true,"href":"https:\/\/verticaltechnik.ch\/fr\/wp-json\/wp\/v2\/product_cat?post=50218"},{"taxonomy":"product_tag","embeddable":true,"href":"https:\/\/verticaltechnik.ch\/fr\/wp-json\/wp\/v2\/product_tag?post=50218"}],"curies":[{"name":"wp","href":"https:\/\/api.w.org\/{rel}","templated":true}]}}