{"id":50228,"date":"2025-08-28T10:42:02","date_gmt":"2025-08-28T10:42:02","guid":{"rendered":"https:\/\/newvt.verticaltechnik.ch\/product\/rail-droit-tube-rond-hauteur-reglable-2m\/"},"modified":"2026-02-04T14:48:22","modified_gmt":"2026-02-04T14:48:22","slug":"rail-droit-tube-rond-hauteur-reglable-2m","status":"publish","type":"product","link":"https:\/\/verticaltechnik.ch\/fr\/produit\/rail-droit-tube-rond-hauteur-reglable-2m\/","title":{"rendered":"Rail droit tube rond hauteur r\u00e9glable 2m"},"content":{"rendered":"<p>Un rail ou un railslide sert \u00e0 sauter sur la barre avec un ollie et \u00e0 glisser le long de celle-ci. Des grinds ou des slides sont r\u00e9alis\u00e9s en pla\u00e7ant le skateboard perpendiculairement ou longitudinalement au rail. Des milliers de figures et de variantes peuvent \u00eatre r\u00e9alis\u00e9es sur le module. Du simple boardslide \u00e0 la combinaison de plusieurs figures, tout est possible. Un railslide est un module de base qui ne devrait manquer dans aucun skatepark. Il convient \u00e0 tous les niveaux de difficult\u00e9.      <\/p>\n","protected":false},"excerpt":{"rendered":"<p>Un rail ou un railslide sert \u00e0 sauter sur la barre avec un ollie et \u00e0 glisser le long de celle-ci. Des grinds ou des slides sont r\u00e9alis\u00e9s en pla\u00e7ant&#8230;<\/p>\n","protected":false},"featured_media":42690,"template":"","meta":[],"product_brand":[],"product_cat":[11851,12218],"product_tag":[],"class_list":{"0":"post-50228","1":"product","2":"type-product","3":"status-publish","4":"has-post-thumbnail","6":"product_cat-rail-droit-reglable-en-hauteur","7":"product_cat-rails-tube-rond","9":"first","10":"instock","11":"shipping-taxable","12":"purchasable","13":"product-type-simple"},"_links":{"self":[{"href":"https:\/\/verticaltechnik.ch\/fr\/wp-json\/wp\/v2\/product\/50228","targetHints":{"allow":["GET"]}}],"collection":[{"href":"https:\/\/verticaltechnik.ch\/fr\/wp-json\/wp\/v2\/product"}],"about":[{"href":"https:\/\/verticaltechnik.ch\/fr\/wp-json\/wp\/v2\/types\/product"}],"wp:featuredmedia":[{"embeddable":true,"href":"https:\/\/verticaltechnik.ch\/fr\/wp-json\/wp\/v2\/media\/42690"}],"wp:attachment":[{"href":"https:\/\/verticaltechnik.ch\/fr\/wp-json\/wp\/v2\/media?parent=50228"}],"wp:term":[{"taxonomy":"product_brand","embeddable":true,"href":"https:\/\/verticaltechnik.ch\/fr\/wp-json\/wp\/v2\/product_brand?post=50228"},{"taxonomy":"product_cat","embeddable":true,"href":"https:\/\/verticaltechnik.ch\/fr\/wp-json\/wp\/v2\/product_cat?post=50228"},{"taxonomy":"product_tag","embeddable":true,"href":"https:\/\/verticaltechnik.ch\/fr\/wp-json\/wp\/v2\/product_tag?post=50228"}],"curies":[{"name":"wp","href":"https:\/\/api.w.org\/{rel}","templated":true}]}}