{"id":50230,"date":"2025-08-28T10:42:04","date_gmt":"2025-08-28T10:42:04","guid":{"rendered":"https:\/\/newvt.verticaltechnik.ch\/product\/wheelie-table-200-2m-wood\/"},"modified":"2026-04-10T13:11:00","modified_gmt":"2026-04-10T13:11:00","slug":"wheelie-table-200-2m-wood","status":"publish","type":"product","link":"https:\/\/verticaltechnik.ch\/fr\/produit\/wheelie-table-200-2m-wood\/","title":{"rendered":"Wheelie Table 200 2m Wood"},"content":{"rendered":"<p>Ce module se compose d&rsquo;une bo\u00eete sur laquelle on peut sauter avec un ollie. Sur la surface, on r\u00e9alise des figures comme des wheelies (tenir en \u00e9quilibre sur deux roues). D&rsquo;un wheelie, on peut d\u00e9river d&rsquo;innombrables variations que l&rsquo;on ajoute lors de la descente, comme par exemple un flip \u00e0 360\u00b0 (rotation du skateboard de 360\u00b0 sur l&rsquo;axe longitudinal) pour ensuite atterrir \u00e0 nouveau dessus. Ce module offre de nombreuses possibilit\u00e9s d&rsquo;\u00eatre cr\u00e9atif. C&rsquo;est un module de base tr\u00e8s populaire dans un skatepark.<\/p>\n","protected":false},"excerpt":{"rendered":"<p>Ce module se compose d&rsquo;une bo\u00eete sur laquelle on peut sauter avec un ollie. Sur la surface, on r\u00e9alise des figures comme des wheelies (tenir en \u00e9quilibre sur deux roues)&#8230;.<\/p>\n","protected":false},"featured_media":58666,"template":"","meta":[],"product_brand":[],"product_cat":[12215,11922],"product_tag":[],"class_list":{"0":"post-50230","1":"product","2":"type-product","3":"status-publish","4":"has-post-thumbnail","6":"product_cat-modules-en-bois","7":"product_cat-table-wheelie","9":"first","10":"instock","11":"shipping-taxable","12":"purchasable","13":"product-type-simple"},"_links":{"self":[{"href":"https:\/\/verticaltechnik.ch\/fr\/wp-json\/wp\/v2\/product\/50230","targetHints":{"allow":["GET"]}}],"collection":[{"href":"https:\/\/verticaltechnik.ch\/fr\/wp-json\/wp\/v2\/product"}],"about":[{"href":"https:\/\/verticaltechnik.ch\/fr\/wp-json\/wp\/v2\/types\/product"}],"wp:featuredmedia":[{"embeddable":true,"href":"https:\/\/verticaltechnik.ch\/fr\/wp-json\/wp\/v2\/media\/58666"}],"wp:attachment":[{"href":"https:\/\/verticaltechnik.ch\/fr\/wp-json\/wp\/v2\/media?parent=50230"}],"wp:term":[{"taxonomy":"product_brand","embeddable":true,"href":"https:\/\/verticaltechnik.ch\/fr\/wp-json\/wp\/v2\/product_brand?post=50230"},{"taxonomy":"product_cat","embeddable":true,"href":"https:\/\/verticaltechnik.ch\/fr\/wp-json\/wp\/v2\/product_cat?post=50230"},{"taxonomy":"product_tag","embeddable":true,"href":"https:\/\/verticaltechnik.ch\/fr\/wp-json\/wp\/v2\/product_tag?post=50230"}],"curies":[{"name":"wp","href":"https:\/\/api.w.org\/{rel}","templated":true}]}}