{"id":50240,"date":"2025-08-28T10:41:57","date_gmt":"2025-08-28T10:41:57","guid":{"rendered":"https:\/\/newvt.verticaltechnik.ch\/product\/barre-de-traction-double-pour-enfants\/"},"modified":"2025-08-28T10:41:57","modified_gmt":"2025-08-28T10:41:57","slug":"barre-de-traction-double-pour-enfants","status":"publish","type":"product","link":"https:\/\/verticaltechnik.ch\/fr\/produit\/barre-de-traction-double-pour-enfants\/","title":{"rendered":"Barre de traction double pour enfants"},"content":{"rendered":"<p>La barre de traction galvanis\u00e9e pour enfants sert \u00e0 effectuer des mont\u00e9es \u00e0 la jante et d&rsquo;autres exercices. Les diff\u00e9rentes hauteurs permettent aux enfants de diff\u00e9rentes tailles de faire de la gymnastique sur les barres. Le poteau le plus haut permet \u00e9galement aux enfants de se tenir lorsqu&rsquo;ils sont assis sur la barre.  <\/p>\n","protected":false},"excerpt":{"rendered":"<p>La barre de traction galvanis\u00e9e pour enfants sert \u00e0 effectuer des mont\u00e9es \u00e0 la jante et d&rsquo;autres exercices. Les diff\u00e9rentes hauteurs permettent aux enfants de diff\u00e9rentes tailles de faire de&#8230;<\/p>\n","protected":false},"featured_media":42698,"template":"","meta":[],"product_brand":[],"product_cat":[11998],"product_tag":[],"class_list":{"0":"post-50240","1":"product","2":"type-product","3":"status-publish","4":"has-post-thumbnail","6":"product_cat-modules","8":"first","9":"instock","10":"shipping-taxable","11":"purchasable","12":"product-type-simple"},"_links":{"self":[{"href":"https:\/\/verticaltechnik.ch\/fr\/wp-json\/wp\/v2\/product\/50240","targetHints":{"allow":["GET"]}}],"collection":[{"href":"https:\/\/verticaltechnik.ch\/fr\/wp-json\/wp\/v2\/product"}],"about":[{"href":"https:\/\/verticaltechnik.ch\/fr\/wp-json\/wp\/v2\/types\/product"}],"wp:featuredmedia":[{"embeddable":true,"href":"https:\/\/verticaltechnik.ch\/fr\/wp-json\/wp\/v2\/media\/42698"}],"wp:attachment":[{"href":"https:\/\/verticaltechnik.ch\/fr\/wp-json\/wp\/v2\/media?parent=50240"}],"wp:term":[{"taxonomy":"product_brand","embeddable":true,"href":"https:\/\/verticaltechnik.ch\/fr\/wp-json\/wp\/v2\/product_brand?post=50240"},{"taxonomy":"product_cat","embeddable":true,"href":"https:\/\/verticaltechnik.ch\/fr\/wp-json\/wp\/v2\/product_cat?post=50240"},{"taxonomy":"product_tag","embeddable":true,"href":"https:\/\/verticaltechnik.ch\/fr\/wp-json\/wp\/v2\/product_tag?post=50240"}],"curies":[{"name":"wp","href":"https:\/\/api.w.org\/{rel}","templated":true}]}}