{"id":50252,"date":"2025-08-28T10:40:56","date_gmt":"2025-08-28T10:40:56","guid":{"rendered":"https:\/\/newvt.verticaltechnik.ch\/product\/estimation-grossiere-des-couts-parc-des-generations\/"},"modified":"2025-08-28T10:40:56","modified_gmt":"2025-08-28T10:40:56","slug":"estimation-grossiere-des-couts-parc-des-generations","status":"publish","type":"product","link":"https:\/\/verticaltechnik.ch\/fr\/produit\/estimation-grossiere-des-couts-parc-des-generations\/","title":{"rendered":"Estimation grossi\u00e8re des co\u00fbts Parc des g\u00e9n\u00e9rations"},"content":{"rendered":"","protected":false},"excerpt":{"rendered":"","protected":false},"featured_media":57681,"template":"","meta":[],"product_brand":[],"product_cat":[12224],"product_tag":[],"class_list":{"0":"post-50252","1":"product","2":"type-product","3":"status-publish","4":"has-post-thumbnail","6":"product_cat-parcs-intergenerationnels","8":"first","9":"instock","10":"shipping-taxable","11":"purchasable","12":"product-type-simple"},"_links":{"self":[{"href":"https:\/\/verticaltechnik.ch\/fr\/wp-json\/wp\/v2\/product\/50252","targetHints":{"allow":["GET"]}}],"collection":[{"href":"https:\/\/verticaltechnik.ch\/fr\/wp-json\/wp\/v2\/product"}],"about":[{"href":"https:\/\/verticaltechnik.ch\/fr\/wp-json\/wp\/v2\/types\/product"}],"wp:featuredmedia":[{"embeddable":true,"href":"https:\/\/verticaltechnik.ch\/fr\/wp-json\/wp\/v2\/media\/57681"}],"wp:attachment":[{"href":"https:\/\/verticaltechnik.ch\/fr\/wp-json\/wp\/v2\/media?parent=50252"}],"wp:term":[{"taxonomy":"product_brand","embeddable":true,"href":"https:\/\/verticaltechnik.ch\/fr\/wp-json\/wp\/v2\/product_brand?post=50252"},{"taxonomy":"product_cat","embeddable":true,"href":"https:\/\/verticaltechnik.ch\/fr\/wp-json\/wp\/v2\/product_cat?post=50252"},{"taxonomy":"product_tag","embeddable":true,"href":"https:\/\/verticaltechnik.ch\/fr\/wp-json\/wp\/v2\/product_tag?post=50252"}],"curies":[{"name":"wp","href":"https:\/\/api.w.org\/{rel}","templated":true}]}}