{"id":50262,"date":"2025-08-28T10:40:52","date_gmt":"2025-08-28T10:40:52","guid":{"rendered":"https:\/\/newvt.verticaltechnik.ch\/product\/estimation-grossiere-des-couts-skatepark-en-beton\/"},"modified":"2025-08-28T10:40:52","modified_gmt":"2025-08-28T10:40:52","slug":"estimation-grossiere-des-couts-skatepark-en-beton","status":"publish","type":"product","link":"https:\/\/verticaltechnik.ch\/fr\/produit\/estimation-grossiere-des-couts-skatepark-en-beton\/","title":{"rendered":"Estimation grossi\u00e8re des co\u00fbts Skatepark en b\u00e9ton"},"content":{"rendered":"<div class=\"row89\">\n<div class=\"column89\">\nMartigny  <a href=\"https:\/\/verticaltechnik.ch\/de\/news\/ch-martigny-beton-skatepark-b106.html\"><br \/>\n  <img decoding=\"async\" src=\"\/Inhalte\/martigny.JPG\" style=\"width: 190px; alt=\" martigny=\"\"><\/a>\n  <\/div>\n<div class=\"column89\">\nLe Ch\u00e2ble  <a href=\"https:\/\/verticaltechnik.ch\/de\/news\/ch-le-chable-erweiterung-des-skateparks-b142.html\"><br \/>\n  <img decoding=\"async\" src=\"\/Inhalte\/IMG_5839.JPG\" style=\"width: 190px; alt=\" le=\"\" ch=\"\"><\/a>\n  <\/div>\n<div class=\"column89\">\nOrsi\u00e8res  <a href=\"https:\/\/verticaltechnik.ch\/de\/news\/ch-orsieres-betonskatepark-mit-snake-run-b150.html\"><br \/>\n  <img decoding=\"async\" src=\"\/Inhalte\/IMG_6029_Hauptbild.JPG\" style=\"width: 190px; alt=\" orsi=\"\"><\/a>\n  <\/div>\n<div class=\"column89\">\nF - Rumilly  <a href=\"https:\/\/verticaltechnik.ch\/de\/news\/f-rumilly-neuer-betonskatepark-b135.html\"><br \/>\n  <img decoding=\"async\" src=\"\/Inhalte\/rumilly.jpg\" style=\"width: 190px; alt=\" rumilly=\"\"><\/a>\n  <\/div>\n<div class=\"column89\">\nBulle  <a href=\"https:\/\/verticaltechnik.ch\/de\/news\/ch-bulle-neuer-betonskatepark--b116.html\"><br \/>\n  <img decoding=\"async\" src=\"\/Inhalte\/bulle.jpg\" style=\"width: 190px; alt=\" bulle=\"\"><\/a>\n  <\/div>\n<div class=\"column89\">\nLI - Triesen  <a href=\"https:\/\/verticaltechnik.ch\/de\/news\/li-triesen-betonskatepark-in-grossem-freizeitpark-b118.html\"><br \/>\n  <img decoding=\"async\" src=\"\/Inhalte\/Triesen-pic.JPG\" style=\"width: 190px; alt=\" triesen=\"\"><\/a>\n<\/div>\n<div class=\"column89\">\nF - Molsheim  <a href=\"https:\/\/verticaltechnik.ch\/de\/news\/f-molsheim-ein-neuer-betonskatepark-b140.html\"><br \/>\n  <img decoding=\"async\" src=\"\/Inhalte\/DSC_2951.JPG\" style=\"width: 190px; alt=\" molsheim=\"\"><\/a>\n  <\/div>\n<\/div>\n","protected":false},"excerpt":{"rendered":"<p>Martigny Le Ch\u00e2ble Orsi\u00e8res F - Rumilly Bulle LI - Triesen F - Molsheim<\/p>\n","protected":false},"featured_media":57685,"template":"","meta":[],"product_brand":[],"product_cat":[12230,12231],"product_tag":[],"class_list":{"0":"post-50262","1":"product","2":"type-product","3":"status-publish","4":"has-post-thumbnail","6":"product_cat-skate","7":"product_cat-skateparks-en-beton","9":"first","10":"instock","11":"shipping-taxable","12":"purchasable","13":"product-type-simple"},"_links":{"self":[{"href":"https:\/\/verticaltechnik.ch\/fr\/wp-json\/wp\/v2\/product\/50262","targetHints":{"allow":["GET"]}}],"collection":[{"href":"https:\/\/verticaltechnik.ch\/fr\/wp-json\/wp\/v2\/product"}],"about":[{"href":"https:\/\/verticaltechnik.ch\/fr\/wp-json\/wp\/v2\/types\/product"}],"wp:featuredmedia":[{"embeddable":true,"href":"https:\/\/verticaltechnik.ch\/fr\/wp-json\/wp\/v2\/media\/57685"}],"wp:attachment":[{"href":"https:\/\/verticaltechnik.ch\/fr\/wp-json\/wp\/v2\/media?parent=50262"}],"wp:term":[{"taxonomy":"product_brand","embeddable":true,"href":"https:\/\/verticaltechnik.ch\/fr\/wp-json\/wp\/v2\/product_brand?post=50262"},{"taxonomy":"product_cat","embeddable":true,"href":"https:\/\/verticaltechnik.ch\/fr\/wp-json\/wp\/v2\/product_cat?post=50262"},{"taxonomy":"product_tag","embeddable":true,"href":"https:\/\/verticaltechnik.ch\/fr\/wp-json\/wp\/v2\/product_tag?post=50262"}],"curies":[{"name":"wp","href":"https:\/\/api.w.org\/{rel}","templated":true}]}}