{"id":50266,"date":"2025-08-28T10:40:43","date_gmt":"2025-08-28T10:40:43","guid":{"rendered":"https:\/\/newvt.verticaltechnik.ch\/product\/panneau-dinformation-avec-support-70x100-cm\/"},"modified":"2025-08-28T10:40:43","modified_gmt":"2025-08-28T10:40:43","slug":"panneau-dinformation-avec-support-70x100-cm","status":"publish","type":"product","link":"https:\/\/verticaltechnik.ch\/fr\/produit\/panneau-dinformation-avec-support-70x100-cm\/","title":{"rendered":"Panneau d&rsquo;information avec support 70&#215;100 cm"},"content":{"rendered":"<p>Ce panneau d&rsquo;information avec support en acier galvanis\u00e9 peut \u00eatre install\u00e9 n&rsquo;importe o\u00f9 dans un sol goudronn\u00e9 ou un sol enherb\u00e9. Il peut ainsi \u00eatre plac\u00e9 directement dans la zone d&rsquo;entr\u00e9e o\u00f9 il sera vu par tous les utilisateurs. Ce produit est une combinaison des articles K00699 et K00701.  <\/p>\n","protected":false},"excerpt":{"rendered":"<p>Ce panneau d&rsquo;information avec support en acier galvanis\u00e9 peut \u00eatre install\u00e9 n&rsquo;importe o\u00f9 dans un sol goudronn\u00e9 ou un sol enherb\u00e9. Il peut ainsi \u00eatre plac\u00e9 directement dans la zone&#8230;<\/p>\n","protected":false},"featured_media":42714,"template":"","meta":[],"product_brand":[],"product_cat":[11957],"product_tag":[],"class_list":{"0":"post-50266","1":"product","2":"type-product","3":"status-publish","4":"has-post-thumbnail","6":"product_cat-signalisation","8":"first","9":"instock","10":"shipping-taxable","11":"purchasable","12":"product-type-simple"},"_links":{"self":[{"href":"https:\/\/verticaltechnik.ch\/fr\/wp-json\/wp\/v2\/product\/50266","targetHints":{"allow":["GET"]}}],"collection":[{"href":"https:\/\/verticaltechnik.ch\/fr\/wp-json\/wp\/v2\/product"}],"about":[{"href":"https:\/\/verticaltechnik.ch\/fr\/wp-json\/wp\/v2\/types\/product"}],"wp:featuredmedia":[{"embeddable":true,"href":"https:\/\/verticaltechnik.ch\/fr\/wp-json\/wp\/v2\/media\/42714"}],"wp:attachment":[{"href":"https:\/\/verticaltechnik.ch\/fr\/wp-json\/wp\/v2\/media?parent=50266"}],"wp:term":[{"taxonomy":"product_brand","embeddable":true,"href":"https:\/\/verticaltechnik.ch\/fr\/wp-json\/wp\/v2\/product_brand?post=50266"},{"taxonomy":"product_cat","embeddable":true,"href":"https:\/\/verticaltechnik.ch\/fr\/wp-json\/wp\/v2\/product_cat?post=50266"},{"taxonomy":"product_tag","embeddable":true,"href":"https:\/\/verticaltechnik.ch\/fr\/wp-json\/wp\/v2\/product_tag?post=50266"}],"curies":[{"name":"wp","href":"https:\/\/api.w.org\/{rel}","templated":true}]}}