{"id":50269,"date":"2025-08-28T10:40:50","date_gmt":"2025-08-28T10:40:50","guid":{"rendered":"https:\/\/newvt.verticaltechnik.ch\/product\/panneau-dinformation-50x80-avec-support\/"},"modified":"2025-08-28T10:40:50","modified_gmt":"2025-08-28T10:40:50","slug":"panneau-dinformation-50x80-avec-support","status":"publish","type":"product","link":"https:\/\/verticaltechnik.ch\/fr\/produit\/panneau-dinformation-50x80-avec-support\/","title":{"rendered":"Panneau d&rsquo;information 50&#215;80 avec support"},"content":{"rendered":"<p>Ce panneau d&rsquo;information avec support en acier galvanis\u00e9 peut \u00eatre install\u00e9 sur un socle, n&rsquo;importe o\u00f9 dans un sol goudronn\u00e9 ou un sol enherb\u00e9. Il peut ainsi \u00eatre plac\u00e9 directement dans la zone d&rsquo;entr\u00e9e, o\u00f9 il sera vu par chaque utilisateur. Ce produit est une combinaison des produits K00698 (Panneau d&rsquo;information 50&#215;80) et K00700 (Support pour panneau d&rsquo;information 50&#215;80).  <\/p>\n","protected":false},"excerpt":{"rendered":"<p>Ce panneau d&rsquo;information avec support en acier galvanis\u00e9 peut \u00eatre install\u00e9 sur un socle, n&rsquo;importe o\u00f9 dans un sol goudronn\u00e9 ou un sol enherb\u00e9. Il peut ainsi \u00eatre plac\u00e9 directement&#8230;<\/p>\n","protected":false},"featured_media":42710,"template":"","meta":[],"product_brand":[],"product_cat":[11957],"product_tag":[],"class_list":{"0":"post-50269","1":"product","2":"type-product","3":"status-publish","4":"has-post-thumbnail","6":"product_cat-signalisation","8":"first","9":"instock","10":"shipping-taxable","11":"purchasable","12":"product-type-simple"},"_links":{"self":[{"href":"https:\/\/verticaltechnik.ch\/fr\/wp-json\/wp\/v2\/product\/50269","targetHints":{"allow":["GET"]}}],"collection":[{"href":"https:\/\/verticaltechnik.ch\/fr\/wp-json\/wp\/v2\/product"}],"about":[{"href":"https:\/\/verticaltechnik.ch\/fr\/wp-json\/wp\/v2\/types\/product"}],"wp:featuredmedia":[{"embeddable":true,"href":"https:\/\/verticaltechnik.ch\/fr\/wp-json\/wp\/v2\/media\/42710"}],"wp:attachment":[{"href":"https:\/\/verticaltechnik.ch\/fr\/wp-json\/wp\/v2\/media?parent=50269"}],"wp:term":[{"taxonomy":"product_brand","embeddable":true,"href":"https:\/\/verticaltechnik.ch\/fr\/wp-json\/wp\/v2\/product_brand?post=50269"},{"taxonomy":"product_cat","embeddable":true,"href":"https:\/\/verticaltechnik.ch\/fr\/wp-json\/wp\/v2\/product_cat?post=50269"},{"taxonomy":"product_tag","embeddable":true,"href":"https:\/\/verticaltechnik.ch\/fr\/wp-json\/wp\/v2\/product_tag?post=50269"}],"curies":[{"name":"wp","href":"https:\/\/api.w.org\/{rel}","templated":true}]}}