{"id":50282,"date":"2025-08-28T10:39:49","date_gmt":"2025-08-28T10:39:49","guid":{"rendered":"https:\/\/newvt.verticaltechnik.ch\/product\/station-de-street-workout-doccasion\/"},"modified":"2026-02-17T09:30:17","modified_gmt":"2026-02-17T09:30:17","slug":"station-de-street-workout-doccasion","status":"publish","type":"product","link":"https:\/\/verticaltechnik.ch\/fr\/produit\/station-de-street-workout-doccasion\/","title":{"rendered":"Station de street workout d&rsquo;occasion"},"content":{"rendered":"<p>Cette installation de Street Workout offre des possibilit\u00e9s d&rsquo;entra\u00eenement pour le Ninja, le Street Workout et le Fitness. Les passionn\u00e9s de Ninja appr\u00e9cieront le \u00abRing-Toss\u00bb (se hisser sur une barre inclin\u00e9e avec des boules), les fans de Street Workout utiliseront la plupart des \u00e9l\u00e9ments de l&rsquo;installation et les adeptes du Fitness profiteront du banc pour l&rsquo;entra\u00eenement des muscles abdominaux et dorsaux. Les barres de dips classiques conviennent \u00e0 tous. Enfin et surtout, le v\u00e9ritable point fort est l&rsquo;\u00e9chelle c\u00e9leste, sur laquelle on s&rsquo;accroche avec une barre pour monter. Conclusion : Cette installation regorge de possibilit\u00e9s dans un espace r\u00e9duit.<br \/>\nElle a \u00e9t\u00e9 d\u00e9velopp\u00e9e avec Chris Harmat, l&rsquo;actuel vainqueur de la Coupe du monde de Parkour. Il occupe actuellement la 1\u00e8re place au classement mondial de la F\u00e9d\u00e9ration Internationale de Gymnastique dans la cat\u00e9gorie Vitesse.<br \/>\nCette installation a \u00e9t\u00e9 utilis\u00e9e pour une exposition, puis comme installation temporaire dans la salle Ninja \u00ab\u00a0Overground Basel\u00a0\u00bb en guise de solution transitoire. Elle n&rsquo;a donc jamais \u00e9t\u00e9 \u00e0 l&rsquo;ext\u00e9rieur et est en bon \u00e9tat.<br \/>\nComme cette installation mobile n&rsquo;a jamais pu \u00eatre viss\u00e9e sur des fondations, elle a \u00e9t\u00e9 \u00e9quip\u00e9e de deux supports diagonaux (voir photo), qui ne sont toutefois pas n\u00e9cessaires pour une installation fixe et ne sont pas inclus dans la livraison.<br \/>\nCette installation est pr\u00e9vue pour un montage sur des fondations en b\u00e9ton avec un rev\u00eatement de protection contre les chutes en caoutchouc EPDM.<br \/>\nEn cas de montage avec une protection contre les chutes en sable, gravier ou copeaux de bois, les poteaux doivent \u00eatre rallong\u00e9s. Les poteaux sont galvanis\u00e9s et thermolaqu\u00e9s en jaune. La rallonge des poteaux sera visible car les plaques de base seront d\u00e9cal\u00e9es et les poteaux rallong\u00e9s. Des travaux de soudure sont n\u00e9cessaires, que nous prendrons en charge lors de la commande. Les soudures seront re-galvanis\u00e9es \u00e0 chaud puis repeintes en jaune, ce qui n&rsquo;alt\u00e8re en rien la stabilit\u00e9. Visuellement, les ajustements ne seront visibles que si la protection contre les chutes s&rsquo;affaisse fortement. Nous r\u00e9parons les traces d&rsquo;usure g\u00e9n\u00e9rales et les rayures du mieux possible.<br \/>\nPrix neuf : 18 500 CHF             <\/p>\n","protected":false},"excerpt":{"rendered":"<p>Cette installation de Street Workout offre des possibilit\u00e9s d&rsquo;entra\u00eenement pour le Ninja, le Street Workout et le Fitness. Les passionn\u00e9s de Ninja appr\u00e9cieront le \u00abRing-Toss\u00bb (se hisser sur une barre&#8230;<\/p>\n","protected":false},"featured_media":58173,"template":"","meta":[],"product_brand":[],"product_cat":[12033],"product_tag":[],"class_list":{"0":"post-50282","1":"product","2":"type-product","3":"status-publish","4":"has-post-thumbnail","6":"product_cat-occasions","8":"first","9":"instock","10":"shipping-taxable","11":"purchasable","12":"product-type-simple"},"_links":{"self":[{"href":"https:\/\/verticaltechnik.ch\/fr\/wp-json\/wp\/v2\/product\/50282","targetHints":{"allow":["GET"]}}],"collection":[{"href":"https:\/\/verticaltechnik.ch\/fr\/wp-json\/wp\/v2\/product"}],"about":[{"href":"https:\/\/verticaltechnik.ch\/fr\/wp-json\/wp\/v2\/types\/product"}],"wp:featuredmedia":[{"embeddable":true,"href":"https:\/\/verticaltechnik.ch\/fr\/wp-json\/wp\/v2\/media\/58173"}],"wp:attachment":[{"href":"https:\/\/verticaltechnik.ch\/fr\/wp-json\/wp\/v2\/media?parent=50282"}],"wp:term":[{"taxonomy":"product_brand","embeddable":true,"href":"https:\/\/verticaltechnik.ch\/fr\/wp-json\/wp\/v2\/product_brand?post=50282"},{"taxonomy":"product_cat","embeddable":true,"href":"https:\/\/verticaltechnik.ch\/fr\/wp-json\/wp\/v2\/product_cat?post=50282"},{"taxonomy":"product_tag","embeddable":true,"href":"https:\/\/verticaltechnik.ch\/fr\/wp-json\/wp\/v2\/product_tag?post=50282"}],"curies":[{"name":"wp","href":"https:\/\/api.w.org\/{rel}","templated":true}]}}