{"id":50286,"date":"2025-08-28T10:39:50","date_gmt":"2025-08-28T10:39:50","guid":{"rendered":"https:\/\/newvt.verticaltechnik.ch\/product\/modele-de-terrain-avec-gnss-global-navigation-satellite-system\/"},"modified":"2025-08-28T10:39:50","modified_gmt":"2025-08-28T10:39:50","slug":"modele-de-terrain-avec-gnss-global-navigation-satellite-system","status":"publish","type":"product","link":"https:\/\/verticaltechnik.ch\/fr\/produit\/modele-de-terrain-avec-gnss-global-navigation-satellite-system\/","title":{"rendered":"Mod\u00e8le de terrain avec GNSS (Global Navigation Satellite System)"},"content":{"rendered":"<p>Relev\u00e9 topographique avec r\u00e9cepteur GNSS (Global Navigation Satellite System)<\/p>\n","protected":false},"excerpt":{"rendered":"<p>Relev\u00e9 topographique avec r\u00e9cepteur GNSS (Global Navigation Satellite System)<\/p>\n","protected":false},"featured_media":57688,"template":"","meta":[],"product_brand":[],"product_cat":[11990],"product_tag":[],"class_list":{"0":"post-50286","1":"product","2":"type-product","3":"status-publish","4":"has-post-thumbnail","6":"product_cat-services-de-construction","8":"first","9":"instock","10":"shipping-taxable","11":"purchasable","12":"product-type-simple"},"_links":{"self":[{"href":"https:\/\/verticaltechnik.ch\/fr\/wp-json\/wp\/v2\/product\/50286","targetHints":{"allow":["GET"]}}],"collection":[{"href":"https:\/\/verticaltechnik.ch\/fr\/wp-json\/wp\/v2\/product"}],"about":[{"href":"https:\/\/verticaltechnik.ch\/fr\/wp-json\/wp\/v2\/types\/product"}],"wp:featuredmedia":[{"embeddable":true,"href":"https:\/\/verticaltechnik.ch\/fr\/wp-json\/wp\/v2\/media\/57688"}],"wp:attachment":[{"href":"https:\/\/verticaltechnik.ch\/fr\/wp-json\/wp\/v2\/media?parent=50286"}],"wp:term":[{"taxonomy":"product_brand","embeddable":true,"href":"https:\/\/verticaltechnik.ch\/fr\/wp-json\/wp\/v2\/product_brand?post=50286"},{"taxonomy":"product_cat","embeddable":true,"href":"https:\/\/verticaltechnik.ch\/fr\/wp-json\/wp\/v2\/product_cat?post=50286"},{"taxonomy":"product_tag","embeddable":true,"href":"https:\/\/verticaltechnik.ch\/fr\/wp-json\/wp\/v2\/product_tag?post=50286"}],"curies":[{"name":"wp","href":"https:\/\/api.w.org\/{rel}","templated":true}]}}