{"id":50319,"date":"2025-08-28T10:54:17","date_gmt":"2025-08-28T10:54:17","guid":{"rendered":"https:\/\/newvt.verticaltechnik.ch\/product\/fixer-la-tole-de-transition\/"},"modified":"2025-08-28T10:54:17","modified_gmt":"2025-08-28T10:54:17","slug":"fixer-la-tole-de-transition","status":"publish","type":"product","link":"https:\/\/verticaltechnik.ch\/fr\/product\/fixer-la-tole-de-transition\/","title":{"rendered":"Fixer la t\u00f4le de transition"},"content":{"rendered":"<p>Minimiser l&rsquo;espace entre le sol en asphalte et la t\u00f4le de transition en fixant la t\u00f4le de transition avec des vis \u00e0 asphalte. Marquer, percer et chanfreiner la t\u00f4le de transition, soulever l&rsquo;appareil avec un appareil de levage, percer l&rsquo;asphalte, coller l&rsquo;ancrage d&rsquo;asphalte avec du mortier bitumineux bi-composant, abaisser \u00e0 nouveau l&rsquo;appareil et l&rsquo;aligner sur les per\u00e7ages, serrer les vis frais\u00e9es M10 x 50. <\/p>\n","protected":false},"excerpt":{"rendered":"<p>Minimiser l&rsquo;espace entre le sol en asphalte et la t\u00f4le de transition en fixant la t\u00f4le de transition avec des vis \u00e0 asphalte. Marquer, percer et chanfreiner la t\u00f4le de&#8230;<\/p>\n","protected":false},"featured_media":42174,"template":"","meta":[],"product_brand":[],"product_cat":[11993],"product_tag":[],"class_list":{"0":"post-50319","1":"product","2":"type-product","3":"status-publish","4":"has-post-thumbnail","6":"product_cat-revisions","8":"first","9":"instock","10":"shipping-taxable","11":"purchasable","12":"product-type-simple"},"_links":{"self":[{"href":"https:\/\/verticaltechnik.ch\/fr\/wp-json\/wp\/v2\/product\/50319","targetHints":{"allow":["GET"]}}],"collection":[{"href":"https:\/\/verticaltechnik.ch\/fr\/wp-json\/wp\/v2\/product"}],"about":[{"href":"https:\/\/verticaltechnik.ch\/fr\/wp-json\/wp\/v2\/types\/product"}],"wp:featuredmedia":[{"embeddable":true,"href":"https:\/\/verticaltechnik.ch\/fr\/wp-json\/wp\/v2\/media\/42174"}],"wp:attachment":[{"href":"https:\/\/verticaltechnik.ch\/fr\/wp-json\/wp\/v2\/media?parent=50319"}],"wp:term":[{"taxonomy":"product_brand","embeddable":true,"href":"https:\/\/verticaltechnik.ch\/fr\/wp-json\/wp\/v2\/product_brand?post=50319"},{"taxonomy":"product_cat","embeddable":true,"href":"https:\/\/verticaltechnik.ch\/fr\/wp-json\/wp\/v2\/product_cat?post=50319"},{"taxonomy":"product_tag","embeddable":true,"href":"https:\/\/verticaltechnik.ch\/fr\/wp-json\/wp\/v2\/product_tag?post=50319"}],"curies":[{"name":"wp","href":"https:\/\/api.w.org\/{rel}","templated":true}]}}