{"id":50321,"date":"2025-08-28T10:38:49","date_gmt":"2025-08-28T10:38:49","guid":{"rendered":"https:\/\/newvt.verticaltechnik.ch\/product\/wall-ride-1-5-m\/"},"modified":"2025-08-28T10:38:49","modified_gmt":"2025-08-28T10:38:49","slug":"wall-ride-1-5-m","status":"publish","type":"product","link":"https:\/\/verticaltechnik.ch\/fr\/produit\/wall-ride-1-5-m\/","title":{"rendered":"Wall Ride 1.5 m"},"content":{"rendered":"<p>Location Wall Ride 1.5 m, surface 2.0 x 1.5 m. Le montage et le d\u00e9montage sont effectu\u00e9s, selon l&rsquo;option choisie, par Vertical Technik AG ou par 2 aides au montage mis \u00e0 disposition par le client, avec le soutien d&rsquo;un chef de montage de Vertical Technik AG.<\/p>\n","protected":false},"excerpt":{"rendered":"<p>Location Wall Ride 1.5 m, surface 2.0 x 1.5 m. Le montage et le d\u00e9montage sont effectu\u00e9s, selon l&rsquo;option choisie, par Vertical Technik AG ou par 2 aides au montage&#8230;<\/p>\n","protected":false},"featured_media":0,"template":"","meta":[],"product_brand":[],"product_cat":[12187],"product_tag":[],"class_list":{"0":"post-50321","1":"product","2":"type-product","3":"status-publish","5":"product_cat-accessoires-pour-mini-rampes","7":"first","8":"instock","9":"shipping-taxable","10":"purchasable","11":"product-type-simple"},"_links":{"self":[{"href":"https:\/\/verticaltechnik.ch\/fr\/wp-json\/wp\/v2\/product\/50321","targetHints":{"allow":["GET"]}}],"collection":[{"href":"https:\/\/verticaltechnik.ch\/fr\/wp-json\/wp\/v2\/product"}],"about":[{"href":"https:\/\/verticaltechnik.ch\/fr\/wp-json\/wp\/v2\/types\/product"}],"wp:attachment":[{"href":"https:\/\/verticaltechnik.ch\/fr\/wp-json\/wp\/v2\/media?parent=50321"}],"wp:term":[{"taxonomy":"product_brand","embeddable":true,"href":"https:\/\/verticaltechnik.ch\/fr\/wp-json\/wp\/v2\/product_brand?post=50321"},{"taxonomy":"product_cat","embeddable":true,"href":"https:\/\/verticaltechnik.ch\/fr\/wp-json\/wp\/v2\/product_cat?post=50321"},{"taxonomy":"product_tag","embeddable":true,"href":"https:\/\/verticaltechnik.ch\/fr\/wp-json\/wp\/v2\/product_tag?post=50321"}],"curies":[{"name":"wp","href":"https:\/\/api.w.org\/{rel}","templated":true}]}}