{"id":50328,"date":"2025-08-28T10:54:13","date_gmt":"2025-08-28T10:54:13","guid":{"rendered":"https:\/\/newvt.verticaltechnik.ch\/product\/barres-paralleles-triples-1200-power\/"},"modified":"2025-08-28T10:54:13","modified_gmt":"2025-08-28T10:54:13","slug":"barres-paralleles-triples-1200-power","status":"publish","type":"product","link":"https:\/\/verticaltechnik.ch\/fr\/produit\/barres-paralleles-triples-1200-power\/","title":{"rendered":"Barres parall\u00e8les triples 1200 Power"},"content":{"rendered":"<p>Les barres parall\u00e8les triples sont un \u00e9quipement d&rsquo;entra\u00eenement principalement utilis\u00e9 pour la musculation du haut du corps, en particulier les triceps, la poitrine et les \u00e9paules. Elles sont constitu\u00e9es de trois barres espac\u00e9es de 50 \u00e0 60 cm. Cela couvre la plupart des largeurs d&rsquo;\u00e9paules des utilisateurs. Les trois barres permettent diff\u00e9rentes variantes de prise et positions, ce qui rend l&rsquo;entra\u00eenement vari\u00e9 et sollicite diff\u00e9rents groupes musculaires.   <\/p>\n","protected":false},"excerpt":{"rendered":"<p>Les barres parall\u00e8les triples sont un \u00e9quipement d&rsquo;entra\u00eenement principalement utilis\u00e9 pour la musculation du haut du corps, en particulier les triceps, la poitrine et les \u00e9paules. Elles sont constitu\u00e9es de&#8230;<\/p>\n","protected":false},"featured_media":42190,"template":"","meta":[],"product_brand":[],"product_cat":[12020],"product_tag":[],"class_list":{"0":"post-50328","1":"product","2":"type-product","3":"status-publish","4":"has-post-thumbnail","6":"product_cat-modules","8":"first","9":"instock","10":"shipping-taxable","11":"purchasable","12":"product-type-simple"},"_links":{"self":[{"href":"https:\/\/verticaltechnik.ch\/fr\/wp-json\/wp\/v2\/product\/50328","targetHints":{"allow":["GET"]}}],"collection":[{"href":"https:\/\/verticaltechnik.ch\/fr\/wp-json\/wp\/v2\/product"}],"about":[{"href":"https:\/\/verticaltechnik.ch\/fr\/wp-json\/wp\/v2\/types\/product"}],"wp:featuredmedia":[{"embeddable":true,"href":"https:\/\/verticaltechnik.ch\/fr\/wp-json\/wp\/v2\/media\/42190"}],"wp:attachment":[{"href":"https:\/\/verticaltechnik.ch\/fr\/wp-json\/wp\/v2\/media?parent=50328"}],"wp:term":[{"taxonomy":"product_brand","embeddable":true,"href":"https:\/\/verticaltechnik.ch\/fr\/wp-json\/wp\/v2\/product_brand?post=50328"},{"taxonomy":"product_cat","embeddable":true,"href":"https:\/\/verticaltechnik.ch\/fr\/wp-json\/wp\/v2\/product_cat?post=50328"},{"taxonomy":"product_tag","embeddable":true,"href":"https:\/\/verticaltechnik.ch\/fr\/wp-json\/wp\/v2\/product_tag?post=50328"}],"curies":[{"name":"wp","href":"https:\/\/api.w.org\/{rel}","templated":true}]}}