{"id":50329,"date":"2025-08-28T10:54:11","date_gmt":"2025-08-28T10:54:11","guid":{"rendered":"https:\/\/newvt.verticaltechnik.ch\/product\/barre-human-flag\/"},"modified":"2025-08-28T10:54:11","modified_gmt":"2025-08-28T10:54:11","slug":"barre-human-flag","status":"publish","type":"product","link":"https:\/\/verticaltechnik.ch\/fr\/produit\/barre-human-flag\/","title":{"rendered":"Barre Human Flag"},"content":{"rendered":"<p>La barre Human Flag est utilis\u00e9e pour r\u00e9aliser l&rsquo;exercice du Human Flag sur un poteau. Elle peut \u00e9galement \u00eatre utilis\u00e9e pour y accrocher des bandes de r\u00e9sistance et effectuer des exercices d&rsquo;\u00e9tirement. Ce produit peut \u00e9galement \u00eatre install\u00e9 ult\u00e9rieurement sur des installations de Street Workout.  <\/p>\n","protected":false},"excerpt":{"rendered":"<p>La barre Human Flag est utilis\u00e9e pour r\u00e9aliser l&rsquo;exercice du Human Flag sur un poteau. Elle peut \u00e9galement \u00eatre utilis\u00e9e pour y accrocher des bandes de r\u00e9sistance et effectuer des&#8230;<\/p>\n","protected":false},"featured_media":42198,"template":"","meta":[],"product_brand":[],"product_cat":[11997,11998,12020],"product_tag":[],"class_list":{"0":"post-50329","1":"product","2":"type-product","3":"status-publish","4":"has-post-thumbnail","6":"product_cat-version-legere","7":"product_cat-modules","10":"first","11":"instock","12":"shipping-taxable","13":"purchasable","14":"product-type-simple"},"_links":{"self":[{"href":"https:\/\/verticaltechnik.ch\/fr\/wp-json\/wp\/v2\/product\/50329","targetHints":{"allow":["GET"]}}],"collection":[{"href":"https:\/\/verticaltechnik.ch\/fr\/wp-json\/wp\/v2\/product"}],"about":[{"href":"https:\/\/verticaltechnik.ch\/fr\/wp-json\/wp\/v2\/types\/product"}],"wp:featuredmedia":[{"embeddable":true,"href":"https:\/\/verticaltechnik.ch\/fr\/wp-json\/wp\/v2\/media\/42198"}],"wp:attachment":[{"href":"https:\/\/verticaltechnik.ch\/fr\/wp-json\/wp\/v2\/media?parent=50329"}],"wp:term":[{"taxonomy":"product_brand","embeddable":true,"href":"https:\/\/verticaltechnik.ch\/fr\/wp-json\/wp\/v2\/product_brand?post=50329"},{"taxonomy":"product_cat","embeddable":true,"href":"https:\/\/verticaltechnik.ch\/fr\/wp-json\/wp\/v2\/product_cat?post=50329"},{"taxonomy":"product_tag","embeddable":true,"href":"https:\/\/verticaltechnik.ch\/fr\/wp-json\/wp\/v2\/product_tag?post=50329"}],"curies":[{"name":"wp","href":"https:\/\/api.w.org\/{rel}","templated":true}]}}