{"id":50336,"date":"2025-08-28T10:54:10","date_gmt":"2025-08-28T10:54:10","guid":{"rendered":"https:\/\/newvt.verticaltechnik.ch\/product\/coffrage-pour-banc-950-25-6m-avec-granite-curb\/"},"modified":"2025-08-28T10:54:10","modified_gmt":"2025-08-28T10:54:10","slug":"coffrage-pour-banc-950-25-6m-avec-granite-curb","status":"publish","type":"product","link":"https:\/\/verticaltechnik.ch\/fr\/product\/coffrage-pour-banc-950-25-6m-avec-granite-curb\/","title":{"rendered":"Coffrage pour banc 950 25\u00b0 6m avec Granite Curb"},"content":{"rendered":"<p>Les coffrages emp\u00eachent le d\u00e9p\u00f4t de d\u00e9chets sous les installations de skate. Le coffrage est \u00e9quip\u00e9 d&rsquo;une trappe de service. Une porte de service verrouillable peut \u00e9galement \u00eatre install\u00e9e en option. Des fentes d&rsquo;a\u00e9ration servent \u00e0 la circulation de l&rsquo;air. Ce produit est compatible avec K01564    <\/p>\n","protected":false},"excerpt":{"rendered":"<p>Les coffrages emp\u00eachent le d\u00e9p\u00f4t de d\u00e9chets sous les installations de skate. Le coffrage est \u00e9quip\u00e9 d&rsquo;une trappe de service. Une porte de service verrouillable peut \u00e9galement \u00eatre install\u00e9e en&#8230;<\/p>\n","protected":false},"featured_media":42202,"template":"","meta":[],"product_brand":[],"product_cat":[12240],"product_tag":[],"class_list":{"0":"post-50336","1":"product","2":"type-product","3":"status-publish","4":"has-post-thumbnail","6":"product_cat-coffrages","8":"first","9":"instock","10":"shipping-taxable","11":"purchasable","12":"product-type-simple"},"_links":{"self":[{"href":"https:\/\/verticaltechnik.ch\/fr\/wp-json\/wp\/v2\/product\/50336","targetHints":{"allow":["GET"]}}],"collection":[{"href":"https:\/\/verticaltechnik.ch\/fr\/wp-json\/wp\/v2\/product"}],"about":[{"href":"https:\/\/verticaltechnik.ch\/fr\/wp-json\/wp\/v2\/types\/product"}],"wp:featuredmedia":[{"embeddable":true,"href":"https:\/\/verticaltechnik.ch\/fr\/wp-json\/wp\/v2\/media\/42202"}],"wp:attachment":[{"href":"https:\/\/verticaltechnik.ch\/fr\/wp-json\/wp\/v2\/media?parent=50336"}],"wp:term":[{"taxonomy":"product_brand","embeddable":true,"href":"https:\/\/verticaltechnik.ch\/fr\/wp-json\/wp\/v2\/product_brand?post=50336"},{"taxonomy":"product_cat","embeddable":true,"href":"https:\/\/verticaltechnik.ch\/fr\/wp-json\/wp\/v2\/product_cat?post=50336"},{"taxonomy":"product_tag","embeddable":true,"href":"https:\/\/verticaltechnik.ch\/fr\/wp-json\/wp\/v2\/product_tag?post=50336"}],"curies":[{"name":"wp","href":"https:\/\/api.w.org\/{rel}","templated":true}]}}