{"id":50357,"date":"2025-08-28T10:53:01","date_gmt":"2025-08-28T10:53:01","guid":{"rendered":"https:\/\/newvt.verticaltechnik.ch\/product\/street-workout-set-univers-light\/"},"modified":"2026-02-16T16:54:51","modified_gmt":"2026-02-16T16:54:51","slug":"street-workout-set-univers-light","status":"publish","type":"product","link":"https:\/\/verticaltechnik.ch\/fr\/produit\/street-workout-set-univers-light\/","title":{"rendered":"Street Workout Set Univers Light"},"content":{"rendered":"<p>Ensemble compos\u00e9 d&rsquo;une installation de Street Workout avec un panneau d&rsquo;information conforme \u00e0 la norme EN 16630. L&rsquo;installation de Street Workout est con\u00e7ue pour un rev\u00eatement de protection antichute en EPDM. Le panneau d&rsquo;information mesure 50 x 80 cm. Il est graphiquement retravaill\u00e9 par nos soins selon les souhaits du client et contient des informations telles que des codes QR vers des vid\u00e9os d&rsquo;exercices qui peuvent \u00eatre s\u00e9lectionn\u00e9es via un smartphone, des r\u00e8gles d&rsquo;utilisation, des heures d&rsquo;utilisation, des num\u00e9ros d&rsquo;urgence, des logos, les contacts de l&rsquo;exploitant ainsi que du fabricant. Des plaques avec des exercices sont fix\u00e9es aux poteaux.     <\/p>\n<p>Description technique :<br \/>\nPoteaux galvanis\u00e9s en tubes d&rsquo;acier carr\u00e9s 80 x 80 x 3 mm avec bride pour la fixation sur les fondations, tubes transversaux galvanis\u00e9s avec plaques \u00e0 bride. Vissages au moyen de vis Allen galvanis\u00e9es M10, de rondelles et d&rsquo;\u00e9crous borgnes. Y compris la fiche technique pour les travaux de terrassement, les fondations et la protection antichute en EPDM.    <\/p>\n<p>Les travaux de terrassement, les fondations et la protection antichute sont mentionn\u00e9s \u00e0 titre d&rsquo;option dans nos offres \u00e0 des fins d&rsquo;orientation des co\u00fbts. Nous n&rsquo;effectuons pas ces prestations nous-m\u00eames, mais des ma\u00eetres d&rsquo;\u0153uvre locaux ou des entreprises sp\u00e9cialis\u00e9es dans la protection antichute. Apr\u00e8s accord, nous sommes toutefois dispos\u00e9s \u00e0 r\u00e9aliser ces prestations dans le cadre d&rsquo;une entreprise g\u00e9n\u00e9rale ou, si le client confie les prestations directement \u00e0 des entreprises tierces, \u00e0 \u00e9tablir les plans d&rsquo;ex\u00e9cution et \u00e0 prendre en charge la direction des travaux.  <\/p>\n<p>Contenu de la livraison :&nbsp;<br \/>\n- Installation Street Workout Univers Light<br \/>\n- Panneau d&rsquo;information conforme \u00e0 la norme EN 16630 (num\u00e9ro d&rsquo;article K01419)<\/p>\n","protected":false},"excerpt":{"rendered":"<p>Ensemble compos\u00e9 d&rsquo;une installation de Street Workout avec un panneau d&rsquo;information conforme \u00e0 la norme EN 16630. L&rsquo;installation de Street Workout est con\u00e7ue pour un rev\u00eatement de protection antichute en&#8230;<\/p>\n","protected":false},"featured_media":42254,"template":"","meta":[],"product_brand":[],"product_cat":[12027,11825],"product_tag":[],"class_list":{"0":"post-50357","1":"product","2":"type-product","3":"status-publish","4":"has-post-thumbnail","6":"product_cat-set-installations-completes-2","7":"product_cat-street-workout-fr","9":"first","10":"instock","11":"shipping-taxable","12":"purchasable","13":"product-type-simple"},"_links":{"self":[{"href":"https:\/\/verticaltechnik.ch\/fr\/wp-json\/wp\/v2\/product\/50357","targetHints":{"allow":["GET"]}}],"collection":[{"href":"https:\/\/verticaltechnik.ch\/fr\/wp-json\/wp\/v2\/product"}],"about":[{"href":"https:\/\/verticaltechnik.ch\/fr\/wp-json\/wp\/v2\/types\/product"}],"wp:featuredmedia":[{"embeddable":true,"href":"https:\/\/verticaltechnik.ch\/fr\/wp-json\/wp\/v2\/media\/42254"}],"wp:attachment":[{"href":"https:\/\/verticaltechnik.ch\/fr\/wp-json\/wp\/v2\/media?parent=50357"}],"wp:term":[{"taxonomy":"product_brand","embeddable":true,"href":"https:\/\/verticaltechnik.ch\/fr\/wp-json\/wp\/v2\/product_brand?post=50357"},{"taxonomy":"product_cat","embeddable":true,"href":"https:\/\/verticaltechnik.ch\/fr\/wp-json\/wp\/v2\/product_cat?post=50357"},{"taxonomy":"product_tag","embeddable":true,"href":"https:\/\/verticaltechnik.ch\/fr\/wp-json\/wp\/v2\/product_tag?post=50357"}],"curies":[{"name":"wp","href":"https:\/\/api.w.org\/{rel}","templated":true}]}}