{"id":50379,"date":"2025-08-28T10:51:56","date_gmt":"2025-08-28T10:51:56","guid":{"rendered":"https:\/\/newvt.verticaltechnik.ch\/product\/contreplaque-bouleau-filme-9-mm\/"},"modified":"2025-08-28T10:51:56","modified_gmt":"2025-08-28T10:51:56","slug":"contreplaque-bouleau-filme-9-mm","status":"publish","type":"product","link":"https:\/\/verticaltechnik.ch\/fr\/produit\/contreplaque-bouleau-filme-9-mm\/","title":{"rendered":"Contreplaqu\u00e9 bouleau film\u00e9 9 mm"},"content":{"rendered":"<p>Contreplaqu\u00e9 de bouleau rev\u00eatu, dessus film\u00e9, dessous lisse, rev\u00eatement de 220 grammes par m2, structure : collage 7 plis, chants scell\u00e9s, collage classe 3 EN 636-3 \/ WBP, classe d&rsquo;\u00e9mission : E1<\/p>\n","protected":false},"excerpt":{"rendered":"<p>Contreplaqu\u00e9 de bouleau rev\u00eatu, dessus film\u00e9, dessous lisse, rev\u00eatement de 220 grammes par m2, structure : collage 7 plis, chants scell\u00e9s, collage classe 3 EN 636-3 \/ WBP, classe d&rsquo;\u00e9mission&#8230;<\/p>\n","protected":false},"featured_media":42290,"template":"","meta":[],"product_brand":[],"product_cat":[12203],"product_tag":[],"class_list":{"0":"post-50379","1":"product","2":"type-product","3":"status-publish","4":"has-post-thumbnail","6":"product_cat-revetement-de-sol","8":"first","9":"instock","10":"shipping-taxable","11":"purchasable","12":"product-type-simple"},"_links":{"self":[{"href":"https:\/\/verticaltechnik.ch\/fr\/wp-json\/wp\/v2\/product\/50379","targetHints":{"allow":["GET"]}}],"collection":[{"href":"https:\/\/verticaltechnik.ch\/fr\/wp-json\/wp\/v2\/product"}],"about":[{"href":"https:\/\/verticaltechnik.ch\/fr\/wp-json\/wp\/v2\/types\/product"}],"wp:featuredmedia":[{"embeddable":true,"href":"https:\/\/verticaltechnik.ch\/fr\/wp-json\/wp\/v2\/media\/42290"}],"wp:attachment":[{"href":"https:\/\/verticaltechnik.ch\/fr\/wp-json\/wp\/v2\/media?parent=50379"}],"wp:term":[{"taxonomy":"product_brand","embeddable":true,"href":"https:\/\/verticaltechnik.ch\/fr\/wp-json\/wp\/v2\/product_brand?post=50379"},{"taxonomy":"product_cat","embeddable":true,"href":"https:\/\/verticaltechnik.ch\/fr\/wp-json\/wp\/v2\/product_cat?post=50379"},{"taxonomy":"product_tag","embeddable":true,"href":"https:\/\/verticaltechnik.ch\/fr\/wp-json\/wp\/v2\/product_tag?post=50379"}],"curies":[{"name":"wp","href":"https:\/\/api.w.org\/{rel}","templated":true}]}}