{"id":50380,"date":"2025-08-28T10:51:58","date_gmt":"2025-08-28T10:51:58","guid":{"rendered":"https:\/\/newvt.verticaltechnik.ch\/product\/barriere-de-jersey\/"},"modified":"2026-04-10T10:14:53","modified_gmt":"2026-04-10T10:14:53","slug":"barriere-de-jersey","status":"publish","type":"product","link":"https:\/\/verticaltechnik.ch\/fr\/produit\/barriere-de-jersey\/","title":{"rendered":"Barri\u00e8re de Jersey"},"content":{"rendered":"<p>Ce module sert, entre autres, de rampe d&rsquo;acc\u00e8s. Depuis la plateforme, on se dirige vers un module central pour y r\u00e9aliser des figures. Il sert aussi de module pour r\u00e9aliser des figures dans les courbes et sur les copings, ou pour changer de direction. La transition arrondie vers le sol permet d\u2019exploiter toute la vitesse.<\/p>\n<p>Il s\u2019agit d\u2019une structure de cadre stable en tubes d\u2019acier carr\u00e9s soud\u00e9s, galvanis\u00e9s, cadre reli\u00e9 par des entretoises transversales, t\u00f4le de transition galvanis\u00e9e de 3 mm d\u2019\u00e9paisseur plus \u00e9querre de transition galvanis\u00e9e de 4 mm d\u2019\u00e9paisseur comme renfort en dessous, plateforme et rev\u00eatement de roulement en Skateface\u00ae de 8 mm d\u2019\u00e9paisseur, viss\u00e9s avec des vis \u00e0 t\u00eate frais\u00e9e M6 INOX, rev\u00eatement inf\u00e9rieur de la plateforme et du rev\u00eatement de roulement en lattes de bois impr\u00e9gn\u00e9es sous pression 30 x 200 mm, viss\u00e9es \u00e0 la structure avec des vis autoperceuses, coping en tube d\u2019acier galvanis\u00e9 de 60 mm de diam\u00e8tre, ar\u00eates prot\u00e9g\u00e9es par un profil\u00e9 de protection d\u2019ar\u00eate en L en caoutchouc EPDM. Ce produit est pr\u00e9assembl\u00e9 en usine et livr\u00e9 comme installation pr\u00eate \u00e0 l\u2019emploi. Ainsi, hormis la fixation au sol, aucun montage n\u2019est n\u00e9cessaire.  <\/p>\n","protected":false},"excerpt":{"rendered":"<p>Ce module sert, entre autres, de rampe d&rsquo;acc\u00e8s. Depuis la plateforme, on se dirige vers un module central pour y r\u00e9aliser des figures. Il sert aussi de module pour r\u00e9aliser&#8230;<\/p>\n","protected":false},"featured_media":58627,"template":"","meta":[],"product_brand":[],"product_cat":[12402],"product_tag":[],"class_list":{"0":"post-50380","1":"product","2":"type-product","3":"status-publish","4":"has-post-thumbnail","6":"product_cat-barriere-de-jersey","8":"first","9":"instock","10":"shipping-taxable","11":"purchasable","12":"product-type-simple"},"_links":{"self":[{"href":"https:\/\/verticaltechnik.ch\/fr\/wp-json\/wp\/v2\/product\/50380","targetHints":{"allow":["GET"]}}],"collection":[{"href":"https:\/\/verticaltechnik.ch\/fr\/wp-json\/wp\/v2\/product"}],"about":[{"href":"https:\/\/verticaltechnik.ch\/fr\/wp-json\/wp\/v2\/types\/product"}],"wp:featuredmedia":[{"embeddable":true,"href":"https:\/\/verticaltechnik.ch\/fr\/wp-json\/wp\/v2\/media\/58627"}],"wp:attachment":[{"href":"https:\/\/verticaltechnik.ch\/fr\/wp-json\/wp\/v2\/media?parent=50380"}],"wp:term":[{"taxonomy":"product_brand","embeddable":true,"href":"https:\/\/verticaltechnik.ch\/fr\/wp-json\/wp\/v2\/product_brand?post=50380"},{"taxonomy":"product_cat","embeddable":true,"href":"https:\/\/verticaltechnik.ch\/fr\/wp-json\/wp\/v2\/product_cat?post=50380"},{"taxonomy":"product_tag","embeddable":true,"href":"https:\/\/verticaltechnik.ch\/fr\/wp-json\/wp\/v2\/product_tag?post=50380"}],"curies":[{"name":"wp","href":"https:\/\/api.w.org\/{rel}","templated":true}]}}