{"id":50385,"date":"2025-08-28T10:51:55","date_gmt":"2025-08-28T10:51:55","guid":{"rendered":"https:\/\/newvt.verticaltechnik.ch\/product\/panneau-de-contreplaque-filme-bouleau-18-mm\/"},"modified":"2025-08-28T10:51:55","modified_gmt":"2025-08-28T10:51:55","slug":"panneau-de-contreplaque-filme-bouleau-18-mm","status":"publish","type":"product","link":"https:\/\/verticaltechnik.ch\/fr\/produit\/panneau-de-contreplaque-filme-bouleau-18-mm\/","title":{"rendered":"Panneau de contreplaqu\u00e9 film\u00e9 bouleau 18 mm"},"content":{"rendered":"<p>Contreplaqu\u00e9 de bouleau rev\u00eatu, dessus s\u00e9rigraphi\u00e9, dessous lisse, rev\u00eatement de 220 grammes par m2, structure : 13 plis coll\u00e9s, chants scell\u00e9s, collage classe 3 EN 636-3 \/ WBP, classe d&rsquo;\u00e9mission : E1<\/p>\n","protected":false},"excerpt":{"rendered":"<p>Contreplaqu\u00e9 de bouleau rev\u00eatu, dessus s\u00e9rigraphi\u00e9, dessous lisse, rev\u00eatement de 220 grammes par m2, structure : 13 plis coll\u00e9s, chants scell\u00e9s, collage classe 3 EN 636-3 \/ WBP, classe d&rsquo;\u00e9mission&#8230;<\/p>\n","protected":false},"featured_media":42294,"template":"","meta":[],"product_brand":[],"product_cat":[12203],"product_tag":[],"class_list":{"0":"post-50385","1":"product","2":"type-product","3":"status-publish","4":"has-post-thumbnail","6":"product_cat-revetement-de-sol","8":"first","9":"instock","10":"shipping-taxable","11":"purchasable","12":"product-type-simple"},"_links":{"self":[{"href":"https:\/\/verticaltechnik.ch\/fr\/wp-json\/wp\/v2\/product\/50385","targetHints":{"allow":["GET"]}}],"collection":[{"href":"https:\/\/verticaltechnik.ch\/fr\/wp-json\/wp\/v2\/product"}],"about":[{"href":"https:\/\/verticaltechnik.ch\/fr\/wp-json\/wp\/v2\/types\/product"}],"wp:featuredmedia":[{"embeddable":true,"href":"https:\/\/verticaltechnik.ch\/fr\/wp-json\/wp\/v2\/media\/42294"}],"wp:attachment":[{"href":"https:\/\/verticaltechnik.ch\/fr\/wp-json\/wp\/v2\/media?parent=50385"}],"wp:term":[{"taxonomy":"product_brand","embeddable":true,"href":"https:\/\/verticaltechnik.ch\/fr\/wp-json\/wp\/v2\/product_brand?post=50385"},{"taxonomy":"product_cat","embeddable":true,"href":"https:\/\/verticaltechnik.ch\/fr\/wp-json\/wp\/v2\/product_cat?post=50385"},{"taxonomy":"product_tag","embeddable":true,"href":"https:\/\/verticaltechnik.ch\/fr\/wp-json\/wp\/v2\/product_tag?post=50385"}],"curies":[{"name":"wp","href":"https:\/\/api.w.org\/{rel}","templated":true}]}}