{"id":50389,"date":"2025-08-28T10:51:54","date_gmt":"2025-08-28T10:51:54","guid":{"rendered":"https:\/\/newvt.verticaltechnik.ch\/product\/enceinte-pour-miniramp1100-6m-ext-1-5m-bank-with-granite-curb\/"},"modified":"2025-08-28T10:51:54","modified_gmt":"2025-08-28T10:51:54","slug":"enceinte-pour-miniramp1100-6m-ext-1-5m-bank-with-granite-curb","status":"publish","type":"product","link":"https:\/\/verticaltechnik.ch\/fr\/produit\/enceinte-pour-miniramp1100-6m-ext-1-5m-bank-with-granite-curb\/","title":{"rendered":"Enceinte pour Miniramp1100 6m + Ext.1.5m + Bank with Granite Curb"},"content":{"rendered":"<p>Les coffrages emp\u00eachent l&rsquo;accumulation de d\u00e9chets sous les installations de skate. Les coffrages sont \u00e9quip\u00e9s de deux trappes de service. Une porte de service verrouillable peut \u00e9galement \u00eatre install\u00e9e en option. Des fentes d&rsquo;a\u00e9ration servent \u00e0 la circulation de l&rsquo;air. Ce produit est compatible avec K02031    <\/p>\n","protected":false},"excerpt":{"rendered":"<p>Les coffrages emp\u00eachent l&rsquo;accumulation de d\u00e9chets sous les installations de skate. Les coffrages sont \u00e9quip\u00e9s de deux trappes de service. Une porte de service verrouillable peut \u00e9galement \u00eatre install\u00e9e en&#8230;<\/p>\n","protected":false},"featured_media":42298,"template":"","meta":[],"product_brand":[],"product_cat":[12175],"product_tag":[],"class_list":{"0":"post-50389","1":"product","2":"type-product","3":"status-publish","4":"has-post-thumbnail","6":"product_cat-rampes","8":"first","9":"instock","10":"shipping-taxable","11":"purchasable","12":"product-type-simple"},"_links":{"self":[{"href":"https:\/\/verticaltechnik.ch\/fr\/wp-json\/wp\/v2\/product\/50389","targetHints":{"allow":["GET"]}}],"collection":[{"href":"https:\/\/verticaltechnik.ch\/fr\/wp-json\/wp\/v2\/product"}],"about":[{"href":"https:\/\/verticaltechnik.ch\/fr\/wp-json\/wp\/v2\/types\/product"}],"wp:featuredmedia":[{"embeddable":true,"href":"https:\/\/verticaltechnik.ch\/fr\/wp-json\/wp\/v2\/media\/42298"}],"wp:attachment":[{"href":"https:\/\/verticaltechnik.ch\/fr\/wp-json\/wp\/v2\/media?parent=50389"}],"wp:term":[{"taxonomy":"product_brand","embeddable":true,"href":"https:\/\/verticaltechnik.ch\/fr\/wp-json\/wp\/v2\/product_brand?post=50389"},{"taxonomy":"product_cat","embeddable":true,"href":"https:\/\/verticaltechnik.ch\/fr\/wp-json\/wp\/v2\/product_cat?post=50389"},{"taxonomy":"product_tag","embeddable":true,"href":"https:\/\/verticaltechnik.ch\/fr\/wp-json\/wp\/v2\/product_tag?post=50389"}],"curies":[{"name":"wp","href":"https:\/\/api.w.org\/{rel}","templated":true}]}}