{"id":50411,"date":"2025-08-28T10:50:54","date_gmt":"2025-08-28T10:50:54","guid":{"rendered":"https:\/\/newvt.verticaltechnik.ch\/product\/2-anneaux-inox-caoutchouc\/"},"modified":"2026-04-14T10:22:22","modified_gmt":"2026-04-14T10:22:22","slug":"2-anneaux-inox-caoutchouc","status":"publish","type":"product","link":"https:\/\/verticaltechnik.ch\/fr\/produit\/2-anneaux-inox-caoutchouc\/","title":{"rendered":"2 anneaux INOX \/ caoutchouc"},"content":{"rendered":"<p>Poign\u00e9e d&rsquo;\u00e9chelle en acier inoxydable recouverte de caoutchouc rouge, boulons : M10x35mm, avec cha\u00eene M6 AISI 304, conforme aux exigences des normes EN1176\/1177<\/p>\n","protected":false},"excerpt":{"rendered":"<p>Poign\u00e9e d&rsquo;\u00e9chelle en acier inoxydable recouverte de caoutchouc rouge, boulons : M10x35mm, avec cha\u00eene M6 AISI 304, conforme aux exigences des normes EN1176\/1177<\/p>\n","protected":false},"featured_media":42338,"template":"","meta":[],"product_brand":[],"product_cat":[11831],"product_tag":[],"class_list":{"0":"post-50411","1":"product","2":"type-product","3":"status-publish","4":"has-post-thumbnail","6":"product_cat-uncategorized","8":"first","9":"instock","10":"shipping-taxable","11":"purchasable","12":"product-type-simple"},"_links":{"self":[{"href":"https:\/\/verticaltechnik.ch\/fr\/wp-json\/wp\/v2\/product\/50411","targetHints":{"allow":["GET"]}}],"collection":[{"href":"https:\/\/verticaltechnik.ch\/fr\/wp-json\/wp\/v2\/product"}],"about":[{"href":"https:\/\/verticaltechnik.ch\/fr\/wp-json\/wp\/v2\/types\/product"}],"wp:featuredmedia":[{"embeddable":true,"href":"https:\/\/verticaltechnik.ch\/fr\/wp-json\/wp\/v2\/media\/42338"}],"wp:attachment":[{"href":"https:\/\/verticaltechnik.ch\/fr\/wp-json\/wp\/v2\/media?parent=50411"}],"wp:term":[{"taxonomy":"product_brand","embeddable":true,"href":"https:\/\/verticaltechnik.ch\/fr\/wp-json\/wp\/v2\/product_brand?post=50411"},{"taxonomy":"product_cat","embeddable":true,"href":"https:\/\/verticaltechnik.ch\/fr\/wp-json\/wp\/v2\/product_cat?post=50411"},{"taxonomy":"product_tag","embeddable":true,"href":"https:\/\/verticaltechnik.ch\/fr\/wp-json\/wp\/v2\/product_tag?post=50411"}],"curies":[{"name":"wp","href":"https:\/\/api.w.org\/{rel}","templated":true}]}}